{"id":237,"date":"2024-03-11T19:23:32","date_gmt":"2024-03-11T19:23:32","guid":{"rendered":"http:\/\/otlas.com.br\/?post_type=product&#038;p=237"},"modified":"2024-03-11T19:23:32","modified_gmt":"2024-03-11T19:23:32","slug":"refil-all-clean-sabonete-antisseptico","status":"publish","type":"product","link":"https:\/\/otlas.com.br\/index.php\/produto\/refil-all-clean-sabonete-antisseptico\/","title":{"rendered":"REFIL ALL CLEAN SABONETE ANTISS\u00c9PTICO"},"content":{"rendered":"<p>Assepsia e limpeza das m\u00e3os para ambientes que exigem higieniza\u00e7\u00e3o eficiente.<\/p>\n<p>Refil de 800ml<\/p>\n<p>Fragr\u00e2ncias: Sem perfume<\/p>\n<p>Cor: Rosa<\/p>\n","protected":false},"excerpt":{"rendered":"<p>Assepsia e limpeza das m\u00e3os para ambientes que exigem higieniza\u00e7\u00e3o eficiente. Refil de 800ml Fragr\u00e2ncias: Sem perfume Cor: Rosa<\/p>\n","protected":false},"featured_media":238,"template":"","meta":[],"product_brand":[],"product_cat":[22],"product_tag":[],"class_list":{"0":"post-237","1":"product","2":"type-product","3":"status-publish","4":"has-post-thumbnail","6":"product_cat-material-de-limpeza","8":"first","9":"instock","10":"shipping-taxable","11":"product-type-simple"},"_links":{"self":[{"href":"https:\/\/otlas.com.br\/index.php\/wp-json\/wp\/v2\/product\/237","targetHints":{"allow":["GET"]}}],"collection":[{"href":"https:\/\/otlas.com.br\/index.php\/wp-json\/wp\/v2\/product"}],"about":[{"href":"https:\/\/otlas.com.br\/index.php\/wp-json\/wp\/v2\/types\/product"}],"wp:featuredmedia":[{"embeddable":true,"href":"https:\/\/otlas.com.br\/index.php\/wp-json\/wp\/v2\/media\/238"}],"wp:attachment":[{"href":"https:\/\/otlas.com.br\/index.php\/wp-json\/wp\/v2\/media?parent=237"}],"wp:term":[{"taxonomy":"product_brand","embeddable":true,"href":"https:\/\/otlas.com.br\/index.php\/wp-json\/wp\/v2\/product_brand?post=237"},{"taxonomy":"product_cat","embeddable":true,"href":"https:\/\/otlas.com.br\/index.php\/wp-json\/wp\/v2\/product_cat?post=237"},{"taxonomy":"product_tag","embeddable":true,"href":"https:\/\/otlas.com.br\/index.php\/wp-json\/wp\/v2\/product_tag?post=237"}],"curies":[{"name":"wp","href":"https:\/\/api.w.org\/{rel}","templated":true}]}}