{"id":241,"date":"2024-03-12T14:42:28","date_gmt":"2024-03-12T14:42:28","guid":{"rendered":"http:\/\/otlas.com.br\/?post_type=product&#038;p=241"},"modified":"2024-03-12T14:42:28","modified_gmt":"2024-03-12T14:42:28","slug":"sabao-em-po-facilita-audax","status":"publish","type":"product","link":"https:\/\/otlas.com.br\/index.php\/produto\/sabao-em-po-facilita-audax\/","title":{"rendered":"SAB\u00c3O EM P\u00d3 FACILITA &#8211; AUDAX"},"content":{"rendered":"<p>Facilita lava Roupas em P\u00f3<\/p>\n<p>1kg e 5kg<\/p>\n<p>Fragr\u00e2ncia: Caracter\u00edstica<\/p>\n<p>Cor: azul<\/p>\n<p>&nbsp;<\/p>\n","protected":false},"excerpt":{"rendered":"<p>Facilita lava Roupas em P\u00f3 1kg e 5kg Fragr\u00e2ncia: Caracter\u00edstica Cor: azul &nbsp;<\/p>\n","protected":false},"featured_media":242,"template":"","meta":[],"product_brand":[],"product_cat":[22],"product_tag":[],"class_list":{"0":"post-241","1":"product","2":"type-product","3":"status-publish","4":"has-post-thumbnail","6":"product_cat-material-de-limpeza","8":"first","9":"instock","10":"shipping-taxable","11":"product-type-simple"},"_links":{"self":[{"href":"https:\/\/otlas.com.br\/index.php\/wp-json\/wp\/v2\/product\/241","targetHints":{"allow":["GET"]}}],"collection":[{"href":"https:\/\/otlas.com.br\/index.php\/wp-json\/wp\/v2\/product"}],"about":[{"href":"https:\/\/otlas.com.br\/index.php\/wp-json\/wp\/v2\/types\/product"}],"wp:featuredmedia":[{"embeddable":true,"href":"https:\/\/otlas.com.br\/index.php\/wp-json\/wp\/v2\/media\/242"}],"wp:attachment":[{"href":"https:\/\/otlas.com.br\/index.php\/wp-json\/wp\/v2\/media?parent=241"}],"wp:term":[{"taxonomy":"product_brand","embeddable":true,"href":"https:\/\/otlas.com.br\/index.php\/wp-json\/wp\/v2\/product_brand?post=241"},{"taxonomy":"product_cat","embeddable":true,"href":"https:\/\/otlas.com.br\/index.php\/wp-json\/wp\/v2\/product_cat?post=241"},{"taxonomy":"product_tag","embeddable":true,"href":"https:\/\/otlas.com.br\/index.php\/wp-json\/wp\/v2\/product_tag?post=241"}],"curies":[{"name":"wp","href":"https:\/\/api.w.org\/{rel}","templated":true}]}}