{"id":243,"date":"2024-03-12T14:49:04","date_gmt":"2024-03-12T14:49:04","guid":{"rendered":"http:\/\/otlas.com.br\/?post_type=product&#038;p=243"},"modified":"2024-03-12T14:49:04","modified_gmt":"2024-03-12T14:49:04","slug":"lustra-moveis-butterfly-audax","status":"publish","type":"product","link":"https:\/\/otlas.com.br\/index.php\/produto\/lustra-moveis-butterfly-audax\/","title":{"rendered":"LUSTRA MOVEIS &#8211; BUTTERFLY AUDAX"},"content":{"rendered":"<p>Deixa a superf\u00edcie protegida, com apar\u00eancia levemente brilhante e perfumada.<\/p>\n<p>500ml e 200ml<\/p>\n<p>Fragr\u00e2ncia: Lavanda<br \/>\nCor: Creme<\/p>\n","protected":false},"excerpt":{"rendered":"<p>Deixa a superf\u00edcie protegida, com apar\u00eancia levemente brilhante e perfumada. 500ml e 200ml Fragr\u00e2ncia: Lavanda Cor: Creme<\/p>\n","protected":false},"featured_media":244,"template":"","meta":[],"product_brand":[],"product_cat":[22],"product_tag":[],"class_list":{"0":"post-243","1":"product","2":"type-product","3":"status-publish","4":"has-post-thumbnail","6":"product_cat-material-de-limpeza","8":"first","9":"instock","10":"shipping-taxable","11":"product-type-simple"},"_links":{"self":[{"href":"https:\/\/otlas.com.br\/index.php\/wp-json\/wp\/v2\/product\/243","targetHints":{"allow":["GET"]}}],"collection":[{"href":"https:\/\/otlas.com.br\/index.php\/wp-json\/wp\/v2\/product"}],"about":[{"href":"https:\/\/otlas.com.br\/index.php\/wp-json\/wp\/v2\/types\/product"}],"wp:featuredmedia":[{"embeddable":true,"href":"https:\/\/otlas.com.br\/index.php\/wp-json\/wp\/v2\/media\/244"}],"wp:attachment":[{"href":"https:\/\/otlas.com.br\/index.php\/wp-json\/wp\/v2\/media?parent=243"}],"wp:term":[{"taxonomy":"product_brand","embeddable":true,"href":"https:\/\/otlas.com.br\/index.php\/wp-json\/wp\/v2\/product_brand?post=243"},{"taxonomy":"product_cat","embeddable":true,"href":"https:\/\/otlas.com.br\/index.php\/wp-json\/wp\/v2\/product_cat?post=243"},{"taxonomy":"product_tag","embeddable":true,"href":"https:\/\/otlas.com.br\/index.php\/wp-json\/wp\/v2\/product_tag?post=243"}],"curies":[{"name":"wp","href":"https:\/\/api.w.org\/{rel}","templated":true}]}}