{"id":248,"date":"2024-03-13T18:03:10","date_gmt":"2024-03-13T18:03:10","guid":{"rendered":"http:\/\/otlas.com.br\/?post_type=product&#038;p=248"},"modified":"2024-03-13T18:03:11","modified_gmt":"2024-03-13T18:03:11","slug":"multiuso-facilita-audax","status":"publish","type":"product","link":"https:\/\/otlas.com.br\/index.php\/produto\/multiuso-facilita-audax\/","title":{"rendered":"MULTIUSO FACILITA &#8211; AUDAX"},"content":{"rendered":"<p>O Limpador Multiuso 4 em 1 \u00e9 pr\u00e1tico e eficiente: limpa, higieniza, perfuma e desengordura superf\u00edcies em geral.<\/p>\n<p>500ML<\/p>\n<p>Fragr\u00e2ncia: Tradicional\/Lavanda, Floral, Citrus<\/p>\n<p>Cor: Incolor<\/p>\n","protected":false},"excerpt":{"rendered":"<p>O Limpador Multiuso 4 em 1 \u00e9 pr\u00e1tico e eficiente: limpa, higieniza, perfuma e desengordura superf\u00edcies em geral. 500ML Fragr\u00e2ncia: Tradicional\/Lavanda, Floral, Citrus Cor: Incolor<\/p>\n","protected":false},"featured_media":249,"template":"","meta":[],"product_brand":[],"product_cat":[22],"product_tag":[],"class_list":{"0":"post-248","1":"product","2":"type-product","3":"status-publish","4":"has-post-thumbnail","6":"product_cat-material-de-limpeza","8":"first","9":"instock","10":"shipping-taxable","11":"product-type-simple"},"_links":{"self":[{"href":"https:\/\/otlas.com.br\/index.php\/wp-json\/wp\/v2\/product\/248","targetHints":{"allow":["GET"]}}],"collection":[{"href":"https:\/\/otlas.com.br\/index.php\/wp-json\/wp\/v2\/product"}],"about":[{"href":"https:\/\/otlas.com.br\/index.php\/wp-json\/wp\/v2\/types\/product"}],"wp:featuredmedia":[{"embeddable":true,"href":"https:\/\/otlas.com.br\/index.php\/wp-json\/wp\/v2\/media\/249"}],"wp:attachment":[{"href":"https:\/\/otlas.com.br\/index.php\/wp-json\/wp\/v2\/media?parent=248"}],"wp:term":[{"taxonomy":"product_brand","embeddable":true,"href":"https:\/\/otlas.com.br\/index.php\/wp-json\/wp\/v2\/product_brand?post=248"},{"taxonomy":"product_cat","embeddable":true,"href":"https:\/\/otlas.com.br\/index.php\/wp-json\/wp\/v2\/product_cat?post=248"},{"taxonomy":"product_tag","embeddable":true,"href":"https:\/\/otlas.com.br\/index.php\/wp-json\/wp\/v2\/product_tag?post=248"}],"curies":[{"name":"wp","href":"https:\/\/api.w.org\/{rel}","templated":true}]}}