{"id":252,"date":"2024-03-13T19:05:24","date_gmt":"2024-03-13T19:05:24","guid":{"rendered":"http:\/\/otlas.com.br\/?post_type=product&#038;p=252"},"modified":"2024-03-13T19:05:24","modified_gmt":"2024-03-13T19:05:24","slug":"max-pine-audax","status":"publish","type":"product","link":"https:\/\/otlas.com.br\/index.php\/produto\/max-pine-audax\/","title":{"rendered":"MAX PINE &#8211; AUDAX"},"content":{"rendered":"<p>Detergente desengraxante que promove alto poder de limpeza, oferecendo excelentes resultados na remo\u00e7\u00e3o das sujidades mais pesadas, como: graxas, \u00f3leos e gorduras.<\/p>\n<p>5litros<\/p>\n<p>Fragr\u00e2ncia: Pinho<\/p>\n<p>Cor: Amarelo<\/p>\n","protected":false},"excerpt":{"rendered":"<p>Detergente desengraxante que promove alto poder de limpeza, oferecendo excelentes resultados na remo\u00e7\u00e3o das sujidades mais pesadas, como: graxas, \u00f3leos e gorduras. 5litros Fragr\u00e2ncia: Pinho Cor: Amarelo<\/p>\n","protected":false},"featured_media":253,"template":"","meta":[],"product_brand":[],"product_cat":[22],"product_tag":[],"class_list":{"0":"post-252","1":"product","2":"type-product","3":"status-publish","4":"has-post-thumbnail","6":"product_cat-material-de-limpeza","8":"first","9":"instock","10":"shipping-taxable","11":"product-type-simple"},"_links":{"self":[{"href":"https:\/\/otlas.com.br\/index.php\/wp-json\/wp\/v2\/product\/252","targetHints":{"allow":["GET"]}}],"collection":[{"href":"https:\/\/otlas.com.br\/index.php\/wp-json\/wp\/v2\/product"}],"about":[{"href":"https:\/\/otlas.com.br\/index.php\/wp-json\/wp\/v2\/types\/product"}],"wp:featuredmedia":[{"embeddable":true,"href":"https:\/\/otlas.com.br\/index.php\/wp-json\/wp\/v2\/media\/253"}],"wp:attachment":[{"href":"https:\/\/otlas.com.br\/index.php\/wp-json\/wp\/v2\/media?parent=252"}],"wp:term":[{"taxonomy":"product_brand","embeddable":true,"href":"https:\/\/otlas.com.br\/index.php\/wp-json\/wp\/v2\/product_brand?post=252"},{"taxonomy":"product_cat","embeddable":true,"href":"https:\/\/otlas.com.br\/index.php\/wp-json\/wp\/v2\/product_cat?post=252"},{"taxonomy":"product_tag","embeddable":true,"href":"https:\/\/otlas.com.br\/index.php\/wp-json\/wp\/v2\/product_tag?post=252"}],"curies":[{"name":"wp","href":"https:\/\/api.w.org\/{rel}","templated":true}]}}