{"id":254,"date":"2024-03-13T19:15:46","date_gmt":"2024-03-13T19:15:46","guid":{"rendered":"http:\/\/otlas.com.br\/?post_type=product&#038;p=254"},"modified":"2024-03-13T19:15:46","modified_gmt":"2024-03-13T19:15:46","slug":"placa-sinalizacao-piso-molhado-cleaner","status":"publish","type":"product","link":"https:\/\/otlas.com.br\/index.php\/produto\/placa-sinalizacao-piso-molhado-cleaner\/","title":{"rendered":"PLACA SINALIZA\u00c7\u00c3O PISO MOLHADO CLEANER"},"content":{"rendered":"<p>S\u00e3o produzidas em polipropileno injetado de alta resist\u00eancia , na cor amarela, para que represente ATEN\u00c7\u00c3O.<\/p>\n<ul>\n<li>Medida da placa aberta: alt.: 57cm x larg.: 30cm x profund.: 44cm<\/li>\n<li>Medida da placa fechada: alt.: 61cm x larg.: 30cm x profund.: 2,2cm<\/li>\n<\/ul>\n","protected":false},"excerpt":{"rendered":"<p>S\u00e3o produzidas em polipropileno injetado de alta resist\u00eancia , na cor amarela, para que represente ATEN\u00c7\u00c3O. Medida da placa aberta: alt.: 57cm x larg.: 30cm x profund.: 44cm Medida da placa fechada: alt.: 61cm x larg.: 30cm x profund.: 2,2cm<\/p>\n","protected":false},"featured_media":256,"template":"","meta":[],"product_brand":[],"product_cat":[21,24],"product_tag":[],"class_list":{"0":"post-254","1":"product","2":"type-product","3":"status-publish","4":"has-post-thumbnail","6":"product_cat-epi","7":"product_cat-equipamentos","9":"first","10":"onbackorder","11":"shipping-taxable","12":"product-type-simple"},"_links":{"self":[{"href":"https:\/\/otlas.com.br\/index.php\/wp-json\/wp\/v2\/product\/254","targetHints":{"allow":["GET"]}}],"collection":[{"href":"https:\/\/otlas.com.br\/index.php\/wp-json\/wp\/v2\/product"}],"about":[{"href":"https:\/\/otlas.com.br\/index.php\/wp-json\/wp\/v2\/types\/product"}],"wp:featuredmedia":[{"embeddable":true,"href":"https:\/\/otlas.com.br\/index.php\/wp-json\/wp\/v2\/media\/256"}],"wp:attachment":[{"href":"https:\/\/otlas.com.br\/index.php\/wp-json\/wp\/v2\/media?parent=254"}],"wp:term":[{"taxonomy":"product_brand","embeddable":true,"href":"https:\/\/otlas.com.br\/index.php\/wp-json\/wp\/v2\/product_brand?post=254"},{"taxonomy":"product_cat","embeddable":true,"href":"https:\/\/otlas.com.br\/index.php\/wp-json\/wp\/v2\/product_cat?post=254"},{"taxonomy":"product_tag","embeddable":true,"href":"https:\/\/otlas.com.br\/index.php\/wp-json\/wp\/v2\/product_tag?post=254"}],"curies":[{"name":"wp","href":"https:\/\/api.w.org\/{rel}","templated":true}]}}