{"id":259,"date":"2024-03-13T19:25:11","date_gmt":"2024-03-13T19:25:11","guid":{"rendered":"http:\/\/otlas.com.br\/?post_type=product&#038;p=259"},"modified":"2024-08-03T18:56:35","modified_gmt":"2024-08-03T18:56:35","slug":"touca-descartavel-tnt","status":"publish","type":"product","link":"https:\/\/otlas.com.br\/index.php\/produto\/touca-descartavel-tnt\/","title":{"rendered":"TOUCA DESCARTAVEL TNT"},"content":{"rendered":"<p>Touca descart\u00e1vel, confeccionada em tecido n\u00e3o tecido (TNT), com fechamento el\u00e1stico, n\u00e3o est\u00e9ril, uso \u00fanico.<\/p>\n<p>&nbsp;<\/p>\n","protected":false},"excerpt":{"rendered":"<p>Touca descart\u00e1vel, confeccionada em tecido n\u00e3o tecido (TNT), com fechamento el\u00e1stico, n\u00e3o est\u00e9ril, uso \u00fanico. &nbsp;<\/p>\n","protected":false},"featured_media":260,"template":"","meta":[],"product_brand":[],"product_cat":[23,21],"product_tag":[],"class_list":{"0":"post-259","1":"product","2":"type-product","3":"status-publish","4":"has-post-thumbnail","6":"product_cat-descartavel","7":"product_cat-epi","9":"first","10":"instock","11":"shipping-taxable","12":"product-type-simple"},"_links":{"self":[{"href":"https:\/\/otlas.com.br\/index.php\/wp-json\/wp\/v2\/product\/259","targetHints":{"allow":["GET"]}}],"collection":[{"href":"https:\/\/otlas.com.br\/index.php\/wp-json\/wp\/v2\/product"}],"about":[{"href":"https:\/\/otlas.com.br\/index.php\/wp-json\/wp\/v2\/types\/product"}],"wp:featuredmedia":[{"embeddable":true,"href":"https:\/\/otlas.com.br\/index.php\/wp-json\/wp\/v2\/media\/260"}],"wp:attachment":[{"href":"https:\/\/otlas.com.br\/index.php\/wp-json\/wp\/v2\/media?parent=259"}],"wp:term":[{"taxonomy":"product_brand","embeddable":true,"href":"https:\/\/otlas.com.br\/index.php\/wp-json\/wp\/v2\/product_brand?post=259"},{"taxonomy":"product_cat","embeddable":true,"href":"https:\/\/otlas.com.br\/index.php\/wp-json\/wp\/v2\/product_cat?post=259"},{"taxonomy":"product_tag","embeddable":true,"href":"https:\/\/otlas.com.br\/index.php\/wp-json\/wp\/v2\/product_tag?post=259"}],"curies":[{"name":"wp","href":"https:\/\/api.w.org\/{rel}","templated":true}]}}