{"id":261,"date":"2024-03-13T19:30:29","date_gmt":"2024-03-13T19:30:29","guid":{"rendered":"http:\/\/otlas.com.br\/?post_type=product&#038;p=261"},"modified":"2024-03-13T19:30:29","modified_gmt":"2024-03-13T19:30:29","slug":"luva-latex-descartavel","status":"publish","type":"product","link":"https:\/\/otlas.com.br\/index.php\/produto\/luva-latex-descartavel\/","title":{"rendered":"LUVA LATEX DESCARTAVEL"},"content":{"rendered":"<p>LUVA LATEX DESCARTAVEL M TALGE C\/PO C\/100<\/p>\n<p>Luvas de seguran\u00e7a para prote\u00e7\u00e3o das m\u00e3os confeccionadas em borracha natural (<strong>l\u00e1tex<\/strong>), na cor natural (sem adi\u00e7\u00e3o de pigmenta\u00e7\u00e3o), com p\u00f3 bioabsorv\u00edvel (amido).<\/p>\n<p>Tamanho: P,M e G<\/p>\n<p>Conte\u00fado:\u00a0100 unidades<\/p>\n","protected":false},"excerpt":{"rendered":"<p>LUVA LATEX DESCARTAVEL M TALGE C\/PO C\/100 Luvas de seguran\u00e7a para prote\u00e7\u00e3o das m\u00e3os confeccionadas em borracha natural (l\u00e1tex), na cor natural (sem adi\u00e7\u00e3o de pigmenta\u00e7\u00e3o), com p\u00f3 bioabsorv\u00edvel (amido). Tamanho: P,M e G Conte\u00fado:\u00a0100 unidades<\/p>\n","protected":false},"featured_media":262,"template":"","meta":[],"product_brand":[],"product_cat":[23,21],"product_tag":[],"class_list":{"0":"post-261","1":"product","2":"type-product","3":"status-publish","4":"has-post-thumbnail","6":"product_cat-descartavel","7":"product_cat-epi","9":"first","10":"instock","11":"shipping-taxable","12":"product-type-simple"},"_links":{"self":[{"href":"https:\/\/otlas.com.br\/index.php\/wp-json\/wp\/v2\/product\/261","targetHints":{"allow":["GET"]}}],"collection":[{"href":"https:\/\/otlas.com.br\/index.php\/wp-json\/wp\/v2\/product"}],"about":[{"href":"https:\/\/otlas.com.br\/index.php\/wp-json\/wp\/v2\/types\/product"}],"wp:featuredmedia":[{"embeddable":true,"href":"https:\/\/otlas.com.br\/index.php\/wp-json\/wp\/v2\/media\/262"}],"wp:attachment":[{"href":"https:\/\/otlas.com.br\/index.php\/wp-json\/wp\/v2\/media?parent=261"}],"wp:term":[{"taxonomy":"product_brand","embeddable":true,"href":"https:\/\/otlas.com.br\/index.php\/wp-json\/wp\/v2\/product_brand?post=261"},{"taxonomy":"product_cat","embeddable":true,"href":"https:\/\/otlas.com.br\/index.php\/wp-json\/wp\/v2\/product_cat?post=261"},{"taxonomy":"product_tag","embeddable":true,"href":"https:\/\/otlas.com.br\/index.php\/wp-json\/wp\/v2\/product_tag?post=261"}],"curies":[{"name":"wp","href":"https:\/\/api.w.org\/{rel}","templated":true}]}}