{"id":263,"date":"2024-03-13T19:38:12","date_gmt":"2024-03-13T19:38:12","guid":{"rendered":"http:\/\/otlas.com.br\/?post_type=product&#038;p=263"},"modified":"2024-03-13T19:38:12","modified_gmt":"2024-03-13T19:38:12","slug":"mascara-descartavel-tnt","status":"publish","type":"product","link":"https:\/\/otlas.com.br\/index.php\/produto\/mascara-descartavel-tnt\/","title":{"rendered":"MASCARA DESCART\u00c1VEL TNT"},"content":{"rendered":"<p>Essa m\u00e1scara \u00e9 ideal para uso dom\u00e9stico, profissional ou em ambientes p\u00fablicos, pois previne a transmiss\u00e3o de doen\u00e7as respirat\u00f3rias por got\u00edculas ou aeross\u00f3is.<\/p>\n<p>Ela \u00e9 descart\u00e1vel e de uso \u00fanico, devendo ser trocada a cada duas horas ou quando estiver \u00famida<\/p>\n<p>Contem 50 unidades<\/p>\n<p>Possui selo da ANVISA.<\/p>\n","protected":false},"excerpt":{"rendered":"<p>Essa m\u00e1scara \u00e9 ideal para uso dom\u00e9stico, profissional ou em ambientes p\u00fablicos, pois previne a transmiss\u00e3o de doen\u00e7as respirat\u00f3rias por got\u00edculas ou aeross\u00f3is. Ela \u00e9 descart\u00e1vel e de uso \u00fanico, devendo ser trocada a cada duas horas ou quando estiver \u00famida Contem 50 unidades Possui selo da ANVISA.<\/p>\n","protected":false},"featured_media":264,"template":"","meta":[],"product_brand":[],"product_cat":[23,21,25],"product_tag":[],"class_list":{"0":"post-263","1":"product","2":"type-product","3":"status-publish","4":"has-post-thumbnail","6":"product_cat-descartavel","7":"product_cat-epi","8":"product_cat-higiene-pessoal","10":"first","11":"instock","12":"shipping-taxable","13":"product-type-simple"},"_links":{"self":[{"href":"https:\/\/otlas.com.br\/index.php\/wp-json\/wp\/v2\/product\/263","targetHints":{"allow":["GET"]}}],"collection":[{"href":"https:\/\/otlas.com.br\/index.php\/wp-json\/wp\/v2\/product"}],"about":[{"href":"https:\/\/otlas.com.br\/index.php\/wp-json\/wp\/v2\/types\/product"}],"wp:featuredmedia":[{"embeddable":true,"href":"https:\/\/otlas.com.br\/index.php\/wp-json\/wp\/v2\/media\/264"}],"wp:attachment":[{"href":"https:\/\/otlas.com.br\/index.php\/wp-json\/wp\/v2\/media?parent=263"}],"wp:term":[{"taxonomy":"product_brand","embeddable":true,"href":"https:\/\/otlas.com.br\/index.php\/wp-json\/wp\/v2\/product_brand?post=263"},{"taxonomy":"product_cat","embeddable":true,"href":"https:\/\/otlas.com.br\/index.php\/wp-json\/wp\/v2\/product_cat?post=263"},{"taxonomy":"product_tag","embeddable":true,"href":"https:\/\/otlas.com.br\/index.php\/wp-json\/wp\/v2\/product_tag?post=263"}],"curies":[{"name":"wp","href":"https:\/\/api.w.org\/{rel}","templated":true}]}}