{"id":265,"date":"2024-03-13T19:47:49","date_gmt":"2024-03-13T19:47:49","guid":{"rendered":"http:\/\/otlas.com.br\/?post_type=product&#038;p=265"},"modified":"2024-03-13T19:47:50","modified_gmt":"2024-03-13T19:47:50","slug":"luva-latex-sanro-top","status":"publish","type":"product","link":"https:\/\/otlas.com.br\/index.php\/produto\/luva-latex-sanro-top\/","title":{"rendered":"LUVA LATEX &#8211; SANRO TOP"},"content":{"rendered":"<p>Conferem prote\u00e7\u00e3o \u00e0s m\u00e3os dos usu\u00e1rios, preferencialmente para tarefas mais pesadas, que exigem maior seguran\u00e7a.<\/p>\n<p>S\u00e3o internamente forradas com\u00a0flocos de algod\u00e3o, proporcionam grande conforto e \u00f3tima maleabilidade.<\/p>\n<p>Tamanho: P,M e G<\/p>\n<p>Cores: Amarela, Laranja, Verde<\/p>\n","protected":false},"excerpt":{"rendered":"<p>Conferem prote\u00e7\u00e3o \u00e0s m\u00e3os dos usu\u00e1rios, preferencialmente para tarefas mais pesadas, que exigem maior seguran\u00e7a. S\u00e3o internamente forradas com\u00a0flocos de algod\u00e3o, proporcionam grande conforto e \u00f3tima maleabilidade. Tamanho: P,M e G Cores: Amarela, Laranja, Verde<\/p>\n","protected":false},"featured_media":266,"template":"","meta":[],"product_brand":[],"product_cat":[23,21],"product_tag":[],"class_list":{"0":"post-265","1":"product","2":"type-product","3":"status-publish","4":"has-post-thumbnail","6":"product_cat-descartavel","7":"product_cat-epi","9":"first","10":"instock","11":"shipping-taxable","12":"product-type-simple"},"_links":{"self":[{"href":"https:\/\/otlas.com.br\/index.php\/wp-json\/wp\/v2\/product\/265","targetHints":{"allow":["GET"]}}],"collection":[{"href":"https:\/\/otlas.com.br\/index.php\/wp-json\/wp\/v2\/product"}],"about":[{"href":"https:\/\/otlas.com.br\/index.php\/wp-json\/wp\/v2\/types\/product"}],"wp:featuredmedia":[{"embeddable":true,"href":"https:\/\/otlas.com.br\/index.php\/wp-json\/wp\/v2\/media\/266"}],"wp:attachment":[{"href":"https:\/\/otlas.com.br\/index.php\/wp-json\/wp\/v2\/media?parent=265"}],"wp:term":[{"taxonomy":"product_brand","embeddable":true,"href":"https:\/\/otlas.com.br\/index.php\/wp-json\/wp\/v2\/product_brand?post=265"},{"taxonomy":"product_cat","embeddable":true,"href":"https:\/\/otlas.com.br\/index.php\/wp-json\/wp\/v2\/product_cat?post=265"},{"taxonomy":"product_tag","embeddable":true,"href":"https:\/\/otlas.com.br\/index.php\/wp-json\/wp\/v2\/product_tag?post=265"}],"curies":[{"name":"wp","href":"https:\/\/api.w.org\/{rel}","templated":true}]}}