{"id":267,"date":"2024-03-14T11:44:58","date_gmt":"2024-03-14T11:44:58","guid":{"rendered":"http:\/\/otlas.com.br\/?post_type=product&#038;p=267"},"modified":"2024-03-14T11:44:58","modified_gmt":"2024-03-14T11:44:58","slug":"antisseptico-bucal-halito-puro","status":"publish","type":"product","link":"https:\/\/otlas.com.br\/index.php\/produto\/antisseptico-bucal-halito-puro\/","title":{"rendered":"ANTISSEPTICO BUCAL HALITO PURO"},"content":{"rendered":"<p>ANTISSEPTICO BUCAL 1 LITRO HALITO PURO<\/p>\n<p>Previne as c\u00e1ries e doen\u00e7as gengivais atrav\u00e9s do fl\u00faor e de agentes bactericidas em sua f\u00f3rmula exclusiva. Elimina at\u00e9 99,99% das bact\u00e9rias vi\u00e1veis em 15 segundos, assim ajudando a combater a gengivite e o mau h\u00e1lito.<\/p>\n<p>1litro<\/p>\n","protected":false},"excerpt":{"rendered":"<p>ANTISSEPTICO BUCAL 1 LITRO HALITO PURO Previne as c\u00e1ries e doen\u00e7as gengivais atrav\u00e9s do fl\u00faor e de agentes bactericidas em sua f\u00f3rmula exclusiva. Elimina at\u00e9 99,99% das bact\u00e9rias vi\u00e1veis em 15 segundos, assim ajudando a combater a gengivite e o mau h\u00e1lito. 1litro<\/p>\n","protected":false},"featured_media":268,"template":"","meta":[],"product_brand":[],"product_cat":[25],"product_tag":[],"class_list":{"0":"post-267","1":"product","2":"type-product","3":"status-publish","4":"has-post-thumbnail","6":"product_cat-higiene-pessoal","8":"first","9":"instock","10":"shipping-taxable","11":"product-type-simple"},"_links":{"self":[{"href":"https:\/\/otlas.com.br\/index.php\/wp-json\/wp\/v2\/product\/267","targetHints":{"allow":["GET"]}}],"collection":[{"href":"https:\/\/otlas.com.br\/index.php\/wp-json\/wp\/v2\/product"}],"about":[{"href":"https:\/\/otlas.com.br\/index.php\/wp-json\/wp\/v2\/types\/product"}],"wp:featuredmedia":[{"embeddable":true,"href":"https:\/\/otlas.com.br\/index.php\/wp-json\/wp\/v2\/media\/268"}],"wp:attachment":[{"href":"https:\/\/otlas.com.br\/index.php\/wp-json\/wp\/v2\/media?parent=267"}],"wp:term":[{"taxonomy":"product_brand","embeddable":true,"href":"https:\/\/otlas.com.br\/index.php\/wp-json\/wp\/v2\/product_brand?post=267"},{"taxonomy":"product_cat","embeddable":true,"href":"https:\/\/otlas.com.br\/index.php\/wp-json\/wp\/v2\/product_cat?post=267"},{"taxonomy":"product_tag","embeddable":true,"href":"https:\/\/otlas.com.br\/index.php\/wp-json\/wp\/v2\/product_tag?post=267"}],"curies":[{"name":"wp","href":"https:\/\/api.w.org\/{rel}","templated":true}]}}