{"id":274,"date":"2024-03-14T12:03:33","date_gmt":"2024-03-14T12:03:33","guid":{"rendered":"http:\/\/otlas.com.br\/?post_type=product&#038;p=274"},"modified":"2024-03-14T12:04:04","modified_gmt":"2024-03-14T12:04:04","slug":"acucar-refinado-uniao-sache","status":"publish","type":"product","link":"https:\/\/otlas.com.br\/index.php\/produto\/acucar-refinado-uniao-sache\/","title":{"rendered":"A\u00c7\u00daCAR REFINADO UNI\u00c3O SACH\u00ca"},"content":{"rendered":"<p>A\u00e7ucar\u00a0<strong>Uni\u00e3o<\/strong>\u00a0refinado, s\u00e3o gr\u00e3os finos e n\u00e3o definidos que s\u00e3o facilmente soluv\u00e9is.<\/p>\n<p>Caixa contem 400 unidades<\/p>\n<p>5G<\/p>\n<p>&nbsp;<\/p>\n","protected":false},"excerpt":{"rendered":"<p>A\u00e7ucar\u00a0Uni\u00e3o\u00a0refinado, s\u00e3o gr\u00e3os finos e n\u00e3o definidos que s\u00e3o facilmente soluv\u00e9is. Caixa contem 400 unidades 5G &nbsp;<\/p>\n","protected":false},"featured_media":275,"template":"","meta":[],"product_brand":[],"product_cat":[27],"product_tag":[],"class_list":{"0":"post-274","1":"product","2":"type-product","3":"status-publish","4":"has-post-thumbnail","6":"product_cat-alimenticio","8":"first","9":"instock","10":"shipping-taxable","11":"product-type-simple"},"_links":{"self":[{"href":"https:\/\/otlas.com.br\/index.php\/wp-json\/wp\/v2\/product\/274","targetHints":{"allow":["GET"]}}],"collection":[{"href":"https:\/\/otlas.com.br\/index.php\/wp-json\/wp\/v2\/product"}],"about":[{"href":"https:\/\/otlas.com.br\/index.php\/wp-json\/wp\/v2\/types\/product"}],"wp:featuredmedia":[{"embeddable":true,"href":"https:\/\/otlas.com.br\/index.php\/wp-json\/wp\/v2\/media\/275"}],"wp:attachment":[{"href":"https:\/\/otlas.com.br\/index.php\/wp-json\/wp\/v2\/media?parent=274"}],"wp:term":[{"taxonomy":"product_brand","embeddable":true,"href":"https:\/\/otlas.com.br\/index.php\/wp-json\/wp\/v2\/product_brand?post=274"},{"taxonomy":"product_cat","embeddable":true,"href":"https:\/\/otlas.com.br\/index.php\/wp-json\/wp\/v2\/product_cat?post=274"},{"taxonomy":"product_tag","embeddable":true,"href":"https:\/\/otlas.com.br\/index.php\/wp-json\/wp\/v2\/product_tag?post=274"}],"curies":[{"name":"wp","href":"https:\/\/api.w.org\/{rel}","templated":true}]}}