{"id":277,"date":"2024-03-14T12:10:03","date_gmt":"2024-03-14T12:10:03","guid":{"rendered":"http:\/\/otlas.com.br\/?post_type=product&#038;p=277"},"modified":"2024-03-14T12:10:03","modified_gmt":"2024-03-14T12:10:03","slug":"cafe-tradicional-3-coracoes","status":"publish","type":"product","link":"https:\/\/otlas.com.br\/index.php\/produto\/cafe-tradicional-3-coracoes\/","title":{"rendered":"CAF\u00c9 TRADICIONAL &#8211; 3 CORA\u00c7\u00d5ES"},"content":{"rendered":"<p>Um cl\u00e1ssico com qualidade de origem mineira, trazendo de suas ra\u00edzes o gosto perfeito a cada x\u00edcara.<\/p>\n<p>500G<\/p>\n<p>&nbsp;<\/p>\n","protected":false},"excerpt":{"rendered":"<p>Um cl\u00e1ssico com qualidade de origem mineira, trazendo de suas ra\u00edzes o gosto perfeito a cada x\u00edcara. 500G &nbsp;<\/p>\n","protected":false},"featured_media":278,"template":"","meta":[],"product_brand":[],"product_cat":[27],"product_tag":[],"class_list":{"0":"post-277","1":"product","2":"type-product","3":"status-publish","4":"has-post-thumbnail","6":"product_cat-alimenticio","8":"first","9":"instock","10":"shipping-taxable","11":"product-type-simple"},"_links":{"self":[{"href":"https:\/\/otlas.com.br\/index.php\/wp-json\/wp\/v2\/product\/277","targetHints":{"allow":["GET"]}}],"collection":[{"href":"https:\/\/otlas.com.br\/index.php\/wp-json\/wp\/v2\/product"}],"about":[{"href":"https:\/\/otlas.com.br\/index.php\/wp-json\/wp\/v2\/types\/product"}],"wp:featuredmedia":[{"embeddable":true,"href":"https:\/\/otlas.com.br\/index.php\/wp-json\/wp\/v2\/media\/278"}],"wp:attachment":[{"href":"https:\/\/otlas.com.br\/index.php\/wp-json\/wp\/v2\/media?parent=277"}],"wp:term":[{"taxonomy":"product_brand","embeddable":true,"href":"https:\/\/otlas.com.br\/index.php\/wp-json\/wp\/v2\/product_brand?post=277"},{"taxonomy":"product_cat","embeddable":true,"href":"https:\/\/otlas.com.br\/index.php\/wp-json\/wp\/v2\/product_cat?post=277"},{"taxonomy":"product_tag","embeddable":true,"href":"https:\/\/otlas.com.br\/index.php\/wp-json\/wp\/v2\/product_tag?post=277"}],"curies":[{"name":"wp","href":"https:\/\/api.w.org\/{rel}","templated":true}]}}