{"id":279,"date":"2024-03-14T12:13:29","date_gmt":"2024-03-14T12:13:29","guid":{"rendered":"http:\/\/otlas.com.br\/?post_type=product&#038;p=279"},"modified":"2024-03-14T12:13:29","modified_gmt":"2024-03-14T12:13:29","slug":"cafe-pele","status":"publish","type":"product","link":"https:\/\/otlas.com.br\/index.php\/produto\/cafe-pele\/","title":{"rendered":"CAF\u00c9 PEL\u00c9"},"content":{"rendered":"<p>O Caf\u00e9 Pel\u00e9 Extra Forte tem o ponto de torra mais acentuado, faz uma bebida encorpada, com sabor intenso e aroma marcante.<\/p>\n<p>O Caf\u00e9 Pel\u00e9 Tradicional faz uma bebida equilibrada em corpo e acidez, que proporciona sabor suave e aroma contagiante.<\/p>\n<p>500G<\/p>\n","protected":false},"excerpt":{"rendered":"<p>O Caf\u00e9 Pel\u00e9 Extra Forte tem o ponto de torra mais acentuado, faz uma bebida encorpada, com sabor intenso e aroma marcante. O Caf\u00e9 Pel\u00e9 Tradicional faz uma bebida equilibrada em corpo e acidez, que proporciona sabor suave e aroma contagiante. 500G<\/p>\n","protected":false},"featured_media":281,"template":"","meta":[],"product_brand":[],"product_cat":[27],"product_tag":[],"class_list":{"0":"post-279","1":"product","2":"type-product","3":"status-publish","4":"has-post-thumbnail","6":"product_cat-alimenticio","8":"first","9":"instock","10":"shipping-taxable","11":"product-type-simple"},"_links":{"self":[{"href":"https:\/\/otlas.com.br\/index.php\/wp-json\/wp\/v2\/product\/279","targetHints":{"allow":["GET"]}}],"collection":[{"href":"https:\/\/otlas.com.br\/index.php\/wp-json\/wp\/v2\/product"}],"about":[{"href":"https:\/\/otlas.com.br\/index.php\/wp-json\/wp\/v2\/types\/product"}],"wp:featuredmedia":[{"embeddable":true,"href":"https:\/\/otlas.com.br\/index.php\/wp-json\/wp\/v2\/media\/281"}],"wp:attachment":[{"href":"https:\/\/otlas.com.br\/index.php\/wp-json\/wp\/v2\/media?parent=279"}],"wp:term":[{"taxonomy":"product_brand","embeddable":true,"href":"https:\/\/otlas.com.br\/index.php\/wp-json\/wp\/v2\/product_brand?post=279"},{"taxonomy":"product_cat","embeddable":true,"href":"https:\/\/otlas.com.br\/index.php\/wp-json\/wp\/v2\/product_cat?post=279"},{"taxonomy":"product_tag","embeddable":true,"href":"https:\/\/otlas.com.br\/index.php\/wp-json\/wp\/v2\/product_tag?post=279"}],"curies":[{"name":"wp","href":"https:\/\/api.w.org\/{rel}","templated":true}]}}