{"id":299,"date":"2024-03-18T17:35:05","date_gmt":"2024-03-18T17:35:05","guid":{"rendered":"http:\/\/otlas.com.br\/?post_type=product&#038;p=299"},"modified":"2024-03-28T10:49:48","modified_gmt":"2024-03-28T10:49:48","slug":"desinfetante-mld-floral-spartan","status":"publish","type":"product","link":"https:\/\/otlas.com.br\/index.php\/produto\/desinfetante-mld-floral-spartan\/","title":{"rendered":"DESINFETANTE MLD FLORAL 5L SPARTAN"},"content":{"rendered":"","protected":false},"excerpt":{"rendered":"<p>Limpador desinfetante de uso geral, indicado na limpeza e desinfec\u00e7\u00e3o de superf\u00edcies lav\u00e1veis, tais como, pisos, azulejos, lou\u00e7as sanit\u00e1rias, etc.<\/p>\n<p>5litros<\/p>\n<p>Fragr\u00e2ncia: Floral<\/p>\n","protected":false},"featured_media":301,"template":"","meta":[],"product_brand":[],"product_cat":[22,32],"product_tag":[],"class_list":{"0":"post-299","1":"product","2":"type-product","3":"status-publish","4":"has-post-thumbnail","6":"product_cat-material-de-limpeza","7":"product_cat-spartan","9":"first","10":"instock","11":"shipping-taxable","12":"product-type-simple"},"_links":{"self":[{"href":"https:\/\/otlas.com.br\/index.php\/wp-json\/wp\/v2\/product\/299","targetHints":{"allow":["GET"]}}],"collection":[{"href":"https:\/\/otlas.com.br\/index.php\/wp-json\/wp\/v2\/product"}],"about":[{"href":"https:\/\/otlas.com.br\/index.php\/wp-json\/wp\/v2\/types\/product"}],"wp:featuredmedia":[{"embeddable":true,"href":"https:\/\/otlas.com.br\/index.php\/wp-json\/wp\/v2\/media\/301"}],"wp:attachment":[{"href":"https:\/\/otlas.com.br\/index.php\/wp-json\/wp\/v2\/media?parent=299"}],"wp:term":[{"taxonomy":"product_brand","embeddable":true,"href":"https:\/\/otlas.com.br\/index.php\/wp-json\/wp\/v2\/product_brand?post=299"},{"taxonomy":"product_cat","embeddable":true,"href":"https:\/\/otlas.com.br\/index.php\/wp-json\/wp\/v2\/product_cat?post=299"},{"taxonomy":"product_tag","embeddable":true,"href":"https:\/\/otlas.com.br\/index.php\/wp-json\/wp\/v2\/product_tag?post=299"}],"curies":[{"name":"wp","href":"https:\/\/api.w.org\/{rel}","templated":true}]}}