{"id":302,"date":"2024-03-18T17:41:24","date_gmt":"2024-03-18T17:41:24","guid":{"rendered":"http:\/\/otlas.com.br\/?post_type=product&#038;p=302"},"modified":"2024-03-28T10:48:28","modified_gmt":"2024-03-28T10:48:28","slug":"impermeabilizante-trendsetter-spartan","status":"publish","type":"product","link":"https:\/\/otlas.com.br\/index.php\/produto\/impermeabilizante-trendsetter-spartan\/","title":{"rendered":"IMPERMEABILIZANTE TRENDSETTER 5L SPARTAN"},"content":{"rendered":"","protected":false},"excerpt":{"rendered":"<p>Selador e acabamento acr\u00edlico antiderrapante em um \u00fanico produto.<\/p>\n<p>Indicado para \u00e1reas de alto tr\u00e1fego, como supermercados, escrit\u00f3rios, cl\u00ednicas, lojas, etc.<\/p>\n<p>5litros<\/p>\n","protected":false},"featured_media":303,"template":"","meta":[],"product_brand":[],"product_cat":[22,32],"product_tag":[],"class_list":{"0":"post-302","1":"product","2":"type-product","3":"status-publish","4":"has-post-thumbnail","6":"product_cat-material-de-limpeza","7":"product_cat-spartan","9":"first","10":"instock","11":"shipping-taxable","12":"product-type-simple"},"_links":{"self":[{"href":"https:\/\/otlas.com.br\/index.php\/wp-json\/wp\/v2\/product\/302","targetHints":{"allow":["GET"]}}],"collection":[{"href":"https:\/\/otlas.com.br\/index.php\/wp-json\/wp\/v2\/product"}],"about":[{"href":"https:\/\/otlas.com.br\/index.php\/wp-json\/wp\/v2\/types\/product"}],"wp:featuredmedia":[{"embeddable":true,"href":"https:\/\/otlas.com.br\/index.php\/wp-json\/wp\/v2\/media\/303"}],"wp:attachment":[{"href":"https:\/\/otlas.com.br\/index.php\/wp-json\/wp\/v2\/media?parent=302"}],"wp:term":[{"taxonomy":"product_brand","embeddable":true,"href":"https:\/\/otlas.com.br\/index.php\/wp-json\/wp\/v2\/product_brand?post=302"},{"taxonomy":"product_cat","embeddable":true,"href":"https:\/\/otlas.com.br\/index.php\/wp-json\/wp\/v2\/product_cat?post=302"},{"taxonomy":"product_tag","embeddable":true,"href":"https:\/\/otlas.com.br\/index.php\/wp-json\/wp\/v2\/product_tag?post=302"}],"curies":[{"name":"wp","href":"https:\/\/api.w.org\/{rel}","templated":true}]}}