{"id":321,"date":"2024-03-19T17:44:40","date_gmt":"2024-03-19T17:44:40","guid":{"rendered":"http:\/\/otlas.com.br\/?post_type=product&#038;p=321"},"modified":"2024-03-19T17:44:40","modified_gmt":"2024-03-19T17:44:40","slug":"vita-fresh-sabonete-liquido-girassol","status":"publish","type":"product","link":"https:\/\/otlas.com.br\/index.php\/produto\/vita-fresh-sabonete-liquido-girassol\/","title":{"rendered":"VITA FRESH SABONETE LIQUIDO &#8211; GIRASSOL"},"content":{"rendered":"<p>\u00c9 indicado para limpezas ass\u00e9pticas, sendo tamb\u00e9m indicado para industrias aliment\u00edcias, cosm\u00e9ticas e farmac\u00eauticas ou em quaisquer processos que haja necessidade de boas pr\u00e1ticas de fabrica\u00e7\u00e3o.<\/p>\n<p>5litros<\/p>\n<p>Fragr\u00e2ncia: Flor de Ameixa, Flor de Cerejeira, Erva-Doce<\/p>\n","protected":false},"excerpt":{"rendered":"<p>\u00c9 indicado para limpezas ass\u00e9pticas, sendo tamb\u00e9m indicado para industrias aliment\u00edcias, cosm\u00e9ticas e farmac\u00eauticas ou em quaisquer processos que haja necessidade de boas pr\u00e1ticas de fabrica\u00e7\u00e3o. 5litros Fragr\u00e2ncia: Flor de Ameixa, Flor de Cerejeira, Erva-Doce<\/p>\n","protected":false},"featured_media":322,"template":"","meta":[],"product_brand":[],"product_cat":[22],"product_tag":[],"class_list":{"0":"post-321","1":"product","2":"type-product","3":"status-publish","4":"has-post-thumbnail","6":"product_cat-material-de-limpeza","8":"first","9":"instock","10":"shipping-taxable","11":"product-type-simple"},"_links":{"self":[{"href":"https:\/\/otlas.com.br\/index.php\/wp-json\/wp\/v2\/product\/321","targetHints":{"allow":["GET"]}}],"collection":[{"href":"https:\/\/otlas.com.br\/index.php\/wp-json\/wp\/v2\/product"}],"about":[{"href":"https:\/\/otlas.com.br\/index.php\/wp-json\/wp\/v2\/types\/product"}],"wp:featuredmedia":[{"embeddable":true,"href":"https:\/\/otlas.com.br\/index.php\/wp-json\/wp\/v2\/media\/322"}],"wp:attachment":[{"href":"https:\/\/otlas.com.br\/index.php\/wp-json\/wp\/v2\/media?parent=321"}],"wp:term":[{"taxonomy":"product_brand","embeddable":true,"href":"https:\/\/otlas.com.br\/index.php\/wp-json\/wp\/v2\/product_brand?post=321"},{"taxonomy":"product_cat","embeddable":true,"href":"https:\/\/otlas.com.br\/index.php\/wp-json\/wp\/v2\/product_cat?post=321"},{"taxonomy":"product_tag","embeddable":true,"href":"https:\/\/otlas.com.br\/index.php\/wp-json\/wp\/v2\/product_tag?post=321"}],"curies":[{"name":"wp","href":"https:\/\/api.w.org\/{rel}","templated":true}]}}