{"id":331,"date":"2024-03-27T16:54:58","date_gmt":"2024-03-27T16:54:58","guid":{"rendered":"http:\/\/otlas.com.br\/?post_type=product&#038;p=331"},"modified":"2024-03-27T16:54:59","modified_gmt":"2024-03-27T16:54:59","slug":"odorizador-de-ar-levuze","status":"publish","type":"product","link":"https:\/\/otlas.com.br\/index.php\/produto\/odorizador-de-ar-levuze\/","title":{"rendered":"ODORIZADOR DE AR LEV&amp;UZE"},"content":{"rendered":"<p>Lev&amp;uze Odorizador de Ambientes foi Desenvolvido com fragr\u00e2ncias aprimoradas que proporcionam um ambiente agrad\u00e1vel e perfumado.<\/p>\n<p>400ML<\/p>\n<p>Diversas fragr\u00e2ncias<\/p>\n","protected":false},"excerpt":{"rendered":"<p>Lev&amp;uze Odorizador de Ambientes foi Desenvolvido com fragr\u00e2ncias aprimoradas que proporcionam um ambiente agrad\u00e1vel e perfumado. 400ML Diversas fragr\u00e2ncias<\/p>\n","protected":false},"featured_media":333,"template":"","meta":[],"product_brand":[],"product_cat":[22,30],"product_tag":[],"class_list":{"0":"post-331","1":"product","2":"type-product","3":"status-publish","4":"has-post-thumbnail","6":"product_cat-material-de-limpeza","7":"product_cat-sem-categoria","9":"first","10":"instock","11":"shipping-taxable","12":"product-type-simple"},"_links":{"self":[{"href":"https:\/\/otlas.com.br\/index.php\/wp-json\/wp\/v2\/product\/331","targetHints":{"allow":["GET"]}}],"collection":[{"href":"https:\/\/otlas.com.br\/index.php\/wp-json\/wp\/v2\/product"}],"about":[{"href":"https:\/\/otlas.com.br\/index.php\/wp-json\/wp\/v2\/types\/product"}],"wp:featuredmedia":[{"embeddable":true,"href":"https:\/\/otlas.com.br\/index.php\/wp-json\/wp\/v2\/media\/333"}],"wp:attachment":[{"href":"https:\/\/otlas.com.br\/index.php\/wp-json\/wp\/v2\/media?parent=331"}],"wp:term":[{"taxonomy":"product_brand","embeddable":true,"href":"https:\/\/otlas.com.br\/index.php\/wp-json\/wp\/v2\/product_brand?post=331"},{"taxonomy":"product_cat","embeddable":true,"href":"https:\/\/otlas.com.br\/index.php\/wp-json\/wp\/v2\/product_cat?post=331"},{"taxonomy":"product_tag","embeddable":true,"href":"https:\/\/otlas.com.br\/index.php\/wp-json\/wp\/v2\/product_tag?post=331"}],"curies":[{"name":"wp","href":"https:\/\/api.w.org\/{rel}","templated":true}]}}