{"id":338,"date":"2024-03-28T10:25:36","date_gmt":"2024-03-28T10:25:36","guid":{"rendered":"http:\/\/otlas.com.br\/?post_type=product&#038;p=338"},"modified":"2024-03-28T10:33:48","modified_gmt":"2024-03-28T10:33:48","slug":"brass-polish-1l-spartan","status":"publish","type":"product","link":"https:\/\/otlas.com.br\/index.php\/produto\/brass-polish-1l-spartan\/","title":{"rendered":"BRASS POLISH 1L SPARTAN"},"content":{"rendered":"","protected":false},"excerpt":{"rendered":"<p>Polidor de metais, econ\u00f4mico e de f\u00e1cil aplica\u00e7\u00e3o e remo\u00e7\u00e3o, deixando o metal completamente limpo e brilhante.<\/p>\n","protected":false},"featured_media":339,"template":"","meta":[],"product_brand":[],"product_cat":[22,32],"product_tag":[],"class_list":{"0":"post-338","1":"product","2":"type-product","3":"status-publish","4":"has-post-thumbnail","6":"product_cat-material-de-limpeza","7":"product_cat-spartan","9":"first","10":"instock","11":"shipping-taxable","12":"product-type-simple"},"_links":{"self":[{"href":"https:\/\/otlas.com.br\/index.php\/wp-json\/wp\/v2\/product\/338","targetHints":{"allow":["GET"]}}],"collection":[{"href":"https:\/\/otlas.com.br\/index.php\/wp-json\/wp\/v2\/product"}],"about":[{"href":"https:\/\/otlas.com.br\/index.php\/wp-json\/wp\/v2\/types\/product"}],"wp:featuredmedia":[{"embeddable":true,"href":"https:\/\/otlas.com.br\/index.php\/wp-json\/wp\/v2\/media\/339"}],"wp:attachment":[{"href":"https:\/\/otlas.com.br\/index.php\/wp-json\/wp\/v2\/media?parent=338"}],"wp:term":[{"taxonomy":"product_brand","embeddable":true,"href":"https:\/\/otlas.com.br\/index.php\/wp-json\/wp\/v2\/product_brand?post=338"},{"taxonomy":"product_cat","embeddable":true,"href":"https:\/\/otlas.com.br\/index.php\/wp-json\/wp\/v2\/product_cat?post=338"},{"taxonomy":"product_tag","embeddable":true,"href":"https:\/\/otlas.com.br\/index.php\/wp-json\/wp\/v2\/product_tag?post=338"}],"curies":[{"name":"wp","href":"https:\/\/api.w.org\/{rel}","templated":true}]}}