{"id":340,"date":"2024-03-28T10:31:27","date_gmt":"2024-03-28T10:31:27","guid":{"rendered":"http:\/\/otlas.com.br\/?post_type=product&#038;p=340"},"modified":"2024-03-28T10:34:43","modified_gmt":"2024-03-28T10:34:43","slug":"clean-by-peroxy-5l-spartan","status":"publish","type":"product","link":"https:\/\/otlas.com.br\/index.php\/produto\/clean-by-peroxy-5l-spartan\/","title":{"rendered":"CLEAN BY PEROXY 5L SPARTAN"},"content":{"rendered":"<p>&nbsp;<\/p>\n<p>&nbsp;<\/p>\n","protected":false},"excerpt":{"rendered":"<p>Desinfetante e limpador de uso geral, \u00e0 base de Per\u00f3xido de Hidrog\u00eanio. Garante excelente performance de limpeza e desinfec\u00e7\u00e3o.<\/p>\n<p>Clean by Peroxy recebeu certifica\u00e7\u00e3o de r\u00f3tulo ecol\u00f3gico ABNT, comprovando que sua formula\u00e7\u00e3o e processo produtivo foram pensados de modo a minimizar desperd\u00edcios e impactos negativos no meio ambiente.<\/p>\n","protected":false},"featured_media":341,"template":"","meta":[],"product_brand":[],"product_cat":[22,32],"product_tag":[],"class_list":{"0":"post-340","1":"product","2":"type-product","3":"status-publish","4":"has-post-thumbnail","6":"product_cat-material-de-limpeza","7":"product_cat-spartan","9":"first","10":"instock","11":"shipping-taxable","12":"product-type-simple"},"_links":{"self":[{"href":"https:\/\/otlas.com.br\/index.php\/wp-json\/wp\/v2\/product\/340","targetHints":{"allow":["GET"]}}],"collection":[{"href":"https:\/\/otlas.com.br\/index.php\/wp-json\/wp\/v2\/product"}],"about":[{"href":"https:\/\/otlas.com.br\/index.php\/wp-json\/wp\/v2\/types\/product"}],"wp:featuredmedia":[{"embeddable":true,"href":"https:\/\/otlas.com.br\/index.php\/wp-json\/wp\/v2\/media\/341"}],"wp:attachment":[{"href":"https:\/\/otlas.com.br\/index.php\/wp-json\/wp\/v2\/media?parent=340"}],"wp:term":[{"taxonomy":"product_brand","embeddable":true,"href":"https:\/\/otlas.com.br\/index.php\/wp-json\/wp\/v2\/product_brand?post=340"},{"taxonomy":"product_cat","embeddable":true,"href":"https:\/\/otlas.com.br\/index.php\/wp-json\/wp\/v2\/product_cat?post=340"},{"taxonomy":"product_tag","embeddable":true,"href":"https:\/\/otlas.com.br\/index.php\/wp-json\/wp\/v2\/product_tag?post=340"}],"curies":[{"name":"wp","href":"https:\/\/api.w.org\/{rel}","templated":true}]}}