{"id":344,"date":"2024-03-28T10:38:48","date_gmt":"2024-03-28T10:38:48","guid":{"rendered":"http:\/\/otlas.com.br\/?post_type=product&#038;p=344"},"modified":"2024-03-28T10:38:48","modified_gmt":"2024-03-28T10:38:48","slug":"clean-screen-5l-spartan","status":"publish","type":"product","link":"https:\/\/otlas.com.br\/index.php\/produto\/clean-screen-5l-spartan\/","title":{"rendered":"CLEAN SCREEN 5L SPARTAN"},"content":{"rendered":"","protected":false},"excerpt":{"rendered":"<p>CLEAN SCREEN foi elaborado especialmente para limpeza de todos os tipos de monitores: notebooks, computadores, televisores, telas de LCD e Plasma. Apresenta formula\u00e7\u00e3o balanceada com tensoativos biodegrad\u00e1veis, livre de Fosfatos e agentes agressivos e c\u00e1usticos.<\/p>\n<p>CLEAN SCREEN remove com efici\u00eancia, gordura, oleosidades, fuligem, evitando manchas comuns no processo de limpeza dos monitores.<\/p>\n","protected":false},"featured_media":345,"template":"","meta":[],"product_brand":[],"product_cat":[28,32],"product_tag":[],"class_list":{"0":"post-344","1":"product","2":"type-product","3":"status-publish","4":"has-post-thumbnail","6":"product_cat-informatica","7":"product_cat-spartan","9":"first","10":"instock","11":"shipping-taxable","12":"product-type-simple"},"_links":{"self":[{"href":"https:\/\/otlas.com.br\/index.php\/wp-json\/wp\/v2\/product\/344","targetHints":{"allow":["GET"]}}],"collection":[{"href":"https:\/\/otlas.com.br\/index.php\/wp-json\/wp\/v2\/product"}],"about":[{"href":"https:\/\/otlas.com.br\/index.php\/wp-json\/wp\/v2\/types\/product"}],"wp:featuredmedia":[{"embeddable":true,"href":"https:\/\/otlas.com.br\/index.php\/wp-json\/wp\/v2\/media\/345"}],"wp:attachment":[{"href":"https:\/\/otlas.com.br\/index.php\/wp-json\/wp\/v2\/media?parent=344"}],"wp:term":[{"taxonomy":"product_brand","embeddable":true,"href":"https:\/\/otlas.com.br\/index.php\/wp-json\/wp\/v2\/product_brand?post=344"},{"taxonomy":"product_cat","embeddable":true,"href":"https:\/\/otlas.com.br\/index.php\/wp-json\/wp\/v2\/product_cat?post=344"},{"taxonomy":"product_tag","embeddable":true,"href":"https:\/\/otlas.com.br\/index.php\/wp-json\/wp\/v2\/product_tag?post=344"}],"curies":[{"name":"wp","href":"https:\/\/api.w.org\/{rel}","templated":true}]}}