{"id":347,"date":"2024-03-28T10:44:17","date_gmt":"2024-03-28T10:44:17","guid":{"rendered":"http:\/\/otlas.com.br\/?post_type=product&#038;p=347"},"modified":"2024-03-28T10:44:36","modified_gmt":"2024-03-28T10:44:36","slug":"da-70-5l-spartan","status":"publish","type":"product","link":"https:\/\/otlas.com.br\/index.php\/produto\/da-70-5l-spartan\/","title":{"rendered":"DA-70 5L SPARTAN"},"content":{"rendered":"","protected":false},"excerpt":{"rendered":"<p>Limpador amoniacado concentrado, utilizado na limpeza pesada de qualquer superf\u00edcie lav\u00e1vel, removendo \u00f3leo, gordura e sujeiras muito aderidas.<\/p>\n","protected":false},"featured_media":348,"template":"","meta":[],"product_brand":[],"product_cat":[22,32],"product_tag":[],"class_list":{"0":"post-347","1":"product","2":"type-product","3":"status-publish","4":"has-post-thumbnail","6":"product_cat-material-de-limpeza","7":"product_cat-spartan","9":"first","10":"instock","11":"shipping-taxable","12":"product-type-simple"},"_links":{"self":[{"href":"https:\/\/otlas.com.br\/index.php\/wp-json\/wp\/v2\/product\/347","targetHints":{"allow":["GET"]}}],"collection":[{"href":"https:\/\/otlas.com.br\/index.php\/wp-json\/wp\/v2\/product"}],"about":[{"href":"https:\/\/otlas.com.br\/index.php\/wp-json\/wp\/v2\/types\/product"}],"wp:featuredmedia":[{"embeddable":true,"href":"https:\/\/otlas.com.br\/index.php\/wp-json\/wp\/v2\/media\/348"}],"wp:attachment":[{"href":"https:\/\/otlas.com.br\/index.php\/wp-json\/wp\/v2\/media?parent=347"}],"wp:term":[{"taxonomy":"product_brand","embeddable":true,"href":"https:\/\/otlas.com.br\/index.php\/wp-json\/wp\/v2\/product_brand?post=347"},{"taxonomy":"product_cat","embeddable":true,"href":"https:\/\/otlas.com.br\/index.php\/wp-json\/wp\/v2\/product_cat?post=347"},{"taxonomy":"product_tag","embeddable":true,"href":"https:\/\/otlas.com.br\/index.php\/wp-json\/wp\/v2\/product_tag?post=347"}],"curies":[{"name":"wp","href":"https:\/\/api.w.org\/{rel}","templated":true}]}}