{"id":349,"date":"2024-03-28T10:47:29","date_gmt":"2024-03-28T10:47:29","guid":{"rendered":"http:\/\/otlas.com.br\/?post_type=product&#038;p=349"},"modified":"2024-03-28T10:47:29","modified_gmt":"2024-03-28T10:47:29","slug":"fresh-air-300ml-spartan","status":"publish","type":"product","link":"https:\/\/otlas.com.br\/index.php\/produto\/fresh-air-300ml-spartan\/","title":{"rendered":"FRESH AIR 300ML SPARTAN"},"content":{"rendered":"<p>&nbsp;<\/p>\n<p>&nbsp;<\/p>\n","protected":false},"excerpt":{"rendered":"<p>Odorizador desenvolvido para perfumar ambientes. Sua formula\u00e7\u00e3o cont\u00e9m grande efeito residual de fragr\u00e2ncia, permanecendo no ambiente por um longo per\u00edodo ap\u00f3s a sua aplica\u00e7\u00e3o. Ideal para hot\u00e9is, mot\u00e9is, sanit\u00e1rios, clubes, lojas, teatros, cinemas, casas noturnas, ambientes fechados em geral ou qualquer outro local que se deseja fragr\u00e2ncia.<\/p>\n","protected":false},"featured_media":350,"template":"","meta":[],"product_brand":[],"product_cat":[22,32],"product_tag":[],"class_list":{"0":"post-349","1":"product","2":"type-product","3":"status-publish","4":"has-post-thumbnail","6":"product_cat-material-de-limpeza","7":"product_cat-spartan","9":"first","10":"instock","11":"shipping-taxable","12":"product-type-simple"},"_links":{"self":[{"href":"https:\/\/otlas.com.br\/index.php\/wp-json\/wp\/v2\/product\/349","targetHints":{"allow":["GET"]}}],"collection":[{"href":"https:\/\/otlas.com.br\/index.php\/wp-json\/wp\/v2\/product"}],"about":[{"href":"https:\/\/otlas.com.br\/index.php\/wp-json\/wp\/v2\/types\/product"}],"wp:featuredmedia":[{"embeddable":true,"href":"https:\/\/otlas.com.br\/index.php\/wp-json\/wp\/v2\/media\/350"}],"wp:attachment":[{"href":"https:\/\/otlas.com.br\/index.php\/wp-json\/wp\/v2\/media?parent=349"}],"wp:term":[{"taxonomy":"product_brand","embeddable":true,"href":"https:\/\/otlas.com.br\/index.php\/wp-json\/wp\/v2\/product_brand?post=349"},{"taxonomy":"product_cat","embeddable":true,"href":"https:\/\/otlas.com.br\/index.php\/wp-json\/wp\/v2\/product_cat?post=349"},{"taxonomy":"product_tag","embeddable":true,"href":"https:\/\/otlas.com.br\/index.php\/wp-json\/wp\/v2\/product_tag?post=349"}],"curies":[{"name":"wp","href":"https:\/\/api.w.org\/{rel}","templated":true}]}}