{"id":357,"date":"2024-03-28T10:58:06","date_gmt":"2024-03-28T10:58:06","guid":{"rendered":"http:\/\/otlas.com.br\/?post_type=product&#038;p=357"},"modified":"2024-03-28T10:58:06","modified_gmt":"2024-03-28T10:58:06","slug":"rtu-crystal-cleaner-1l-spartan","status":"publish","type":"product","link":"https:\/\/otlas.com.br\/index.php\/produto\/rtu-crystal-cleaner-1l-spartan\/","title":{"rendered":"RTU CRYSTAL CLEANER 1L SPARTAN"},"content":{"rendered":"","protected":false},"excerpt":{"rendered":"<div class=\"col-sm-6 col-md-8\">\n<p>Limpador multiuso, desenvolvido especialmente para a limpeza de pe\u00e7as de cristal, como lustres, adornos e enfeites, vidros, espelhos, superf\u00edcies pl\u00e1sticas e met\u00e1licas, porcelana, entre outros.<\/p>\n<\/div>\n<div class=\"col-sm-6 col-md-4\"><\/div>\n","protected":false},"featured_media":358,"template":"","meta":[],"product_brand":[],"product_cat":[22,32],"product_tag":[],"class_list":{"0":"post-357","1":"product","2":"type-product","3":"status-publish","4":"has-post-thumbnail","6":"product_cat-material-de-limpeza","7":"product_cat-spartan","9":"first","10":"instock","11":"shipping-taxable","12":"product-type-simple"},"_links":{"self":[{"href":"https:\/\/otlas.com.br\/index.php\/wp-json\/wp\/v2\/product\/357","targetHints":{"allow":["GET"]}}],"collection":[{"href":"https:\/\/otlas.com.br\/index.php\/wp-json\/wp\/v2\/product"}],"about":[{"href":"https:\/\/otlas.com.br\/index.php\/wp-json\/wp\/v2\/types\/product"}],"wp:featuredmedia":[{"embeddable":true,"href":"https:\/\/otlas.com.br\/index.php\/wp-json\/wp\/v2\/media\/358"}],"wp:attachment":[{"href":"https:\/\/otlas.com.br\/index.php\/wp-json\/wp\/v2\/media?parent=357"}],"wp:term":[{"taxonomy":"product_brand","embeddable":true,"href":"https:\/\/otlas.com.br\/index.php\/wp-json\/wp\/v2\/product_brand?post=357"},{"taxonomy":"product_cat","embeddable":true,"href":"https:\/\/otlas.com.br\/index.php\/wp-json\/wp\/v2\/product_cat?post=357"},{"taxonomy":"product_tag","embeddable":true,"href":"https:\/\/otlas.com.br\/index.php\/wp-json\/wp\/v2\/product_tag?post=357"}],"curies":[{"name":"wp","href":"https:\/\/api.w.org\/{rel}","templated":true}]}}