{"id":362,"date":"2024-03-28T11:01:39","date_gmt":"2024-03-28T11:01:39","guid":{"rendered":"http:\/\/otlas.com.br\/?post_type=product&#038;p=362"},"modified":"2024-03-28T11:01:39","modified_gmt":"2024-03-28T11:01:39","slug":"sterigent-5l-spartan","status":"publish","type":"product","link":"https:\/\/otlas.com.br\/index.php\/produto\/sterigent-5l-spartan\/","title":{"rendered":"STERIGENT 5L SPARTAN"},"content":{"rendered":"","protected":false},"excerpt":{"rendered":"<div class=\"col-sm-6 col-md-8\">\n<p>Desinfetante e limpador, com a\u00e7\u00e3o bactericida e bacteriost\u00e1tica. Ideal para limpeza e desinfec\u00e7\u00e3o de pisos, paredes, metais, lou\u00e7as sanit\u00e1rias, etc.<\/p>\n<\/div>\n<div class=\"col-sm-6 col-md-4\"><\/div>\n","protected":false},"featured_media":363,"template":"","meta":[],"product_brand":[],"product_cat":[22,32],"product_tag":[],"class_list":{"0":"post-362","1":"product","2":"type-product","3":"status-publish","4":"has-post-thumbnail","6":"product_cat-material-de-limpeza","7":"product_cat-spartan","9":"first","10":"instock","11":"shipping-taxable","12":"product-type-simple"},"_links":{"self":[{"href":"https:\/\/otlas.com.br\/index.php\/wp-json\/wp\/v2\/product\/362","targetHints":{"allow":["GET"]}}],"collection":[{"href":"https:\/\/otlas.com.br\/index.php\/wp-json\/wp\/v2\/product"}],"about":[{"href":"https:\/\/otlas.com.br\/index.php\/wp-json\/wp\/v2\/types\/product"}],"wp:featuredmedia":[{"embeddable":true,"href":"https:\/\/otlas.com.br\/index.php\/wp-json\/wp\/v2\/media\/363"}],"wp:attachment":[{"href":"https:\/\/otlas.com.br\/index.php\/wp-json\/wp\/v2\/media?parent=362"}],"wp:term":[{"taxonomy":"product_brand","embeddable":true,"href":"https:\/\/otlas.com.br\/index.php\/wp-json\/wp\/v2\/product_brand?post=362"},{"taxonomy":"product_cat","embeddable":true,"href":"https:\/\/otlas.com.br\/index.php\/wp-json\/wp\/v2\/product_cat?post=362"},{"taxonomy":"product_tag","embeddable":true,"href":"https:\/\/otlas.com.br\/index.php\/wp-json\/wp\/v2\/product_tag?post=362"}],"curies":[{"name":"wp","href":"https:\/\/api.w.org\/{rel}","templated":true}]}}