{"id":364,"date":"2024-03-28T11:03:06","date_gmt":"2024-03-28T11:03:06","guid":{"rendered":"http:\/\/otlas.com.br\/?post_type=product&#038;p=364"},"modified":"2024-03-28T11:03:06","modified_gmt":"2024-03-28T11:03:06","slug":"steriphene-aerossol-300ml-spartan","status":"publish","type":"product","link":"https:\/\/otlas.com.br\/index.php\/produto\/steriphene-aerossol-300ml-spartan\/","title":{"rendered":"STERIPHENE \u2013 AEROSSOL 300ML SPARTAN"},"content":{"rendered":"","protected":false},"excerpt":{"rendered":"<div class=\"col-sm-6 col-md-8\">\n<p>Indicado para a limpeza de sistemas de ar-condicionado e ventila\u00e7\u00e3o de ve\u00edculos, aparelhos de ar-condicionado central ou de gaveta, em resid\u00eancias, escrit\u00f3rios, cl\u00ednicas, etc.<\/p>\n<\/div>\n<div class=\"col-sm-6 col-md-4\"><\/div>\n","protected":false},"featured_media":365,"template":"","meta":[],"product_brand":[],"product_cat":[22,32],"product_tag":[],"class_list":{"0":"post-364","1":"product","2":"type-product","3":"status-publish","4":"has-post-thumbnail","6":"product_cat-material-de-limpeza","7":"product_cat-spartan","9":"first","10":"instock","11":"shipping-taxable","12":"product-type-simple"},"_links":{"self":[{"href":"https:\/\/otlas.com.br\/index.php\/wp-json\/wp\/v2\/product\/364","targetHints":{"allow":["GET"]}}],"collection":[{"href":"https:\/\/otlas.com.br\/index.php\/wp-json\/wp\/v2\/product"}],"about":[{"href":"https:\/\/otlas.com.br\/index.php\/wp-json\/wp\/v2\/types\/product"}],"wp:featuredmedia":[{"embeddable":true,"href":"https:\/\/otlas.com.br\/index.php\/wp-json\/wp\/v2\/media\/365"}],"wp:attachment":[{"href":"https:\/\/otlas.com.br\/index.php\/wp-json\/wp\/v2\/media?parent=364"}],"wp:term":[{"taxonomy":"product_brand","embeddable":true,"href":"https:\/\/otlas.com.br\/index.php\/wp-json\/wp\/v2\/product_brand?post=364"},{"taxonomy":"product_cat","embeddable":true,"href":"https:\/\/otlas.com.br\/index.php\/wp-json\/wp\/v2\/product_cat?post=364"},{"taxonomy":"product_tag","embeddable":true,"href":"https:\/\/otlas.com.br\/index.php\/wp-json\/wp\/v2\/product_tag?post=364"}],"curies":[{"name":"wp","href":"https:\/\/api.w.org\/{rel}","templated":true}]}}