{"id":366,"date":"2024-03-28T11:05:52","date_gmt":"2024-03-28T11:05:52","guid":{"rendered":"http:\/\/otlas.com.br\/?post_type=product&#038;p=366"},"modified":"2024-03-28T11:05:52","modified_gmt":"2024-03-28T11:05:52","slug":"wipes-clean-by-peroxy-c-150-panos-spartan","status":"publish","type":"product","link":"https:\/\/otlas.com.br\/index.php\/produto\/wipes-clean-by-peroxy-c-150-panos-spartan\/","title":{"rendered":"WIPES CLEAN BY PEROXY C\/150 PANOS SPARTAN"},"content":{"rendered":"","protected":false},"excerpt":{"rendered":"<p>S\u00e3o panos umedecidos com desinfetante e limpador de uso geral, que combinam Per\u00f3xido de Hidrog\u00eanio com tensoativos, garantindo efici\u00eancia e praticidade na limpeza e na desinfec\u00e7\u00e3o.<br \/>\nO Per\u00f3xido de Hidrog\u00eanio age nas mol\u00e9culas de gordura e oleosidade animal, vegetal e mineral, quebrando-as em part\u00edculas menores, tornando mais f\u00e1cil a remo\u00e7\u00e3o da sujidade. Ap\u00f3s cumprir sua fun\u00e7\u00e3o, o Per\u00f3xido de Hidrog\u00eanio se transforma em oxig\u00eanio e \u00e1gua, n\u00e3o deixando residual de produto na superf\u00edcie.<br \/>\nWipes Clean by Peroxy\u00a0tamb\u00e9m \u00e9 eficaz na limpeza de fuligem, terra e sujidades provocadas por mofo, em cer\u00e2micas, azulejos, paredes, bancadas, lavat\u00f3rios, lou\u00e7as sanit\u00e1rias, mob\u00edlias em geral, f\u00f3rmica, a\u00e7o inoxid\u00e1vel, cromados, pl\u00e1sticos, vidros e espelhos.<br \/>\nWipes Clean by Peroxy \u00e9 um produto amig\u00e1vel ao meio ambiente, por ser livre de Fosfato, EDTA, Nonilfenol, Am\u00f4nia e Solventes. Al\u00e9m disso, economiza \u00e1gua, pois n\u00e3o \u00e9 necess\u00e1rio enxaguar a superf\u00edcie ap\u00f3s o uso.<\/p>\n","protected":false},"featured_media":367,"template":"","meta":[],"product_brand":[],"product_cat":[22,32],"product_tag":[],"class_list":{"0":"post-366","1":"product","2":"type-product","3":"status-publish","4":"has-post-thumbnail","6":"product_cat-material-de-limpeza","7":"product_cat-spartan","9":"first","10":"instock","11":"shipping-taxable","12":"product-type-simple"},"_links":{"self":[{"href":"https:\/\/otlas.com.br\/index.php\/wp-json\/wp\/v2\/product\/366","targetHints":{"allow":["GET"]}}],"collection":[{"href":"https:\/\/otlas.com.br\/index.php\/wp-json\/wp\/v2\/product"}],"about":[{"href":"https:\/\/otlas.com.br\/index.php\/wp-json\/wp\/v2\/types\/product"}],"wp:featuredmedia":[{"embeddable":true,"href":"https:\/\/otlas.com.br\/index.php\/wp-json\/wp\/v2\/media\/367"}],"wp:attachment":[{"href":"https:\/\/otlas.com.br\/index.php\/wp-json\/wp\/v2\/media?parent=366"}],"wp:term":[{"taxonomy":"product_brand","embeddable":true,"href":"https:\/\/otlas.com.br\/index.php\/wp-json\/wp\/v2\/product_brand?post=366"},{"taxonomy":"product_cat","embeddable":true,"href":"https:\/\/otlas.com.br\/index.php\/wp-json\/wp\/v2\/product_cat?post=366"},{"taxonomy":"product_tag","embeddable":true,"href":"https:\/\/otlas.com.br\/index.php\/wp-json\/wp\/v2\/product_tag?post=366"}],"curies":[{"name":"wp","href":"https:\/\/api.w.org\/{rel}","templated":true}]}}