{"id":368,"date":"2024-03-28T11:07:02","date_gmt":"2024-03-28T11:07:02","guid":{"rendered":"http:\/\/otlas.com.br\/?post_type=product&#038;p=368"},"modified":"2024-03-28T11:07:02","modified_gmt":"2024-03-28T11:07:02","slug":"yellow-pine-5l-spartan","status":"publish","type":"product","link":"https:\/\/otlas.com.br\/index.php\/produto\/yellow-pine-5l-spartan\/","title":{"rendered":"YELLOW PINE 5L SPARTAN"},"content":{"rendered":"","protected":false},"excerpt":{"rendered":"<p>Detergente desengraxante, que possui um grande poder de limpeza, remove as mais variadas formas de sujidades, como: fuligem, \u00f3leos, graxas e gorduras. Formulado com mat\u00e9rias-primas de \u00faltima gera\u00e7\u00e3o com tensoativos biodegrad\u00e1veis e agente<br \/>\nsequestrante, associado ao \u00f3leo de pinho.<\/p>\n","protected":false},"featured_media":369,"template":"","meta":[],"product_brand":[],"product_cat":[22,32],"product_tag":[],"class_list":{"0":"post-368","1":"product","2":"type-product","3":"status-publish","4":"has-post-thumbnail","6":"product_cat-material-de-limpeza","7":"product_cat-spartan","9":"first","10":"instock","11":"shipping-taxable","12":"product-type-simple"},"_links":{"self":[{"href":"https:\/\/otlas.com.br\/index.php\/wp-json\/wp\/v2\/product\/368","targetHints":{"allow":["GET"]}}],"collection":[{"href":"https:\/\/otlas.com.br\/index.php\/wp-json\/wp\/v2\/product"}],"about":[{"href":"https:\/\/otlas.com.br\/index.php\/wp-json\/wp\/v2\/types\/product"}],"wp:featuredmedia":[{"embeddable":true,"href":"https:\/\/otlas.com.br\/index.php\/wp-json\/wp\/v2\/media\/369"}],"wp:attachment":[{"href":"https:\/\/otlas.com.br\/index.php\/wp-json\/wp\/v2\/media?parent=368"}],"wp:term":[{"taxonomy":"product_brand","embeddable":true,"href":"https:\/\/otlas.com.br\/index.php\/wp-json\/wp\/v2\/product_brand?post=368"},{"taxonomy":"product_cat","embeddable":true,"href":"https:\/\/otlas.com.br\/index.php\/wp-json\/wp\/v2\/product_cat?post=368"},{"taxonomy":"product_tag","embeddable":true,"href":"https:\/\/otlas.com.br\/index.php\/wp-json\/wp\/v2\/product_tag?post=368"}],"curies":[{"name":"wp","href":"https:\/\/api.w.org\/{rel}","templated":true}]}}