{"id":370,"date":"2024-03-28T11:08:35","date_gmt":"2024-03-28T11:08:35","guid":{"rendered":"http:\/\/otlas.com.br\/?post_type=product&#038;p=370"},"modified":"2024-03-28T11:08:35","modified_gmt":"2024-03-28T11:08:35","slug":"ap-dry-cleaner-500g-spartan","status":"publish","type":"product","link":"https:\/\/otlas.com.br\/index.php\/produto\/ap-dry-cleaner-500g-spartan\/","title":{"rendered":"AP DRY CLEANER 500G SPARTAN"},"content":{"rendered":"","protected":false},"excerpt":{"rendered":"<div class=\"col-sm-6 col-md-8\">\n<p>Gel para limpeza a seco e revitalizador de superf\u00edcies que n\u00e3o podem ser lavadas\u00a0com \u00e1gua, ideal na limpeza e revitaliza\u00e7\u00e3o de superf\u00edcies em couro, couro sint\u00e9tico,\u00a0pain\u00e9is de m\u00e1quinas, pain\u00e9is de ve\u00edculos, entre outros.<\/p>\n<\/div>\n<div class=\"col-sm-6 col-md-4\"><\/div>\n","protected":false},"featured_media":371,"template":"","meta":[],"product_brand":[],"product_cat":[22,32],"product_tag":[],"class_list":{"0":"post-370","1":"product","2":"type-product","3":"status-publish","4":"has-post-thumbnail","6":"product_cat-material-de-limpeza","7":"product_cat-spartan","9":"first","10":"instock","11":"shipping-taxable","12":"product-type-simple"},"_links":{"self":[{"href":"https:\/\/otlas.com.br\/index.php\/wp-json\/wp\/v2\/product\/370","targetHints":{"allow":["GET"]}}],"collection":[{"href":"https:\/\/otlas.com.br\/index.php\/wp-json\/wp\/v2\/product"}],"about":[{"href":"https:\/\/otlas.com.br\/index.php\/wp-json\/wp\/v2\/types\/product"}],"wp:featuredmedia":[{"embeddable":true,"href":"https:\/\/otlas.com.br\/index.php\/wp-json\/wp\/v2\/media\/371"}],"wp:attachment":[{"href":"https:\/\/otlas.com.br\/index.php\/wp-json\/wp\/v2\/media?parent=370"}],"wp:term":[{"taxonomy":"product_brand","embeddable":true,"href":"https:\/\/otlas.com.br\/index.php\/wp-json\/wp\/v2\/product_brand?post=370"},{"taxonomy":"product_cat","embeddable":true,"href":"https:\/\/otlas.com.br\/index.php\/wp-json\/wp\/v2\/product_cat?post=370"},{"taxonomy":"product_tag","embeddable":true,"href":"https:\/\/otlas.com.br\/index.php\/wp-json\/wp\/v2\/product_tag?post=370"}],"curies":[{"name":"wp","href":"https:\/\/api.w.org\/{rel}","templated":true}]}}