{"id":374,"date":"2024-03-28T11:11:39","date_gmt":"2024-03-28T11:11:39","guid":{"rendered":"http:\/\/otlas.com.br\/?post_type=product&#038;p=374"},"modified":"2024-03-28T11:11:40","modified_gmt":"2024-03-28T11:11:40","slug":"antiespumante-5l-spartan","status":"publish","type":"product","link":"https:\/\/otlas.com.br\/index.php\/produto\/antiespumante-5l-spartan\/","title":{"rendered":"ANTIESPUMANTE 5L SPARTAN"},"content":{"rendered":"","protected":false},"excerpt":{"rendered":"<div class=\"col-sm-6 col-md-8\">\n<p>Emuls\u00e3o de silicone antiespumante. Elimina rapidamente o excesso de espuma de detergentes ou desengraxantes nos tanques de recupera\u00e7\u00e3o de lavadoras autom\u00e1ticas de pisos, extratoras e aspiradores de l\u00edquido.<\/p>\n<\/div>\n<div class=\"col-sm-6 col-md-4\"><\/div>\n","protected":false},"featured_media":375,"template":"","meta":[],"product_brand":[],"product_cat":[22,32],"product_tag":[],"class_list":{"0":"post-374","1":"product","2":"type-product","3":"status-publish","4":"has-post-thumbnail","6":"product_cat-material-de-limpeza","7":"product_cat-spartan","9":"first","10":"instock","11":"shipping-taxable","12":"product-type-simple"},"_links":{"self":[{"href":"https:\/\/otlas.com.br\/index.php\/wp-json\/wp\/v2\/product\/374","targetHints":{"allow":["GET"]}}],"collection":[{"href":"https:\/\/otlas.com.br\/index.php\/wp-json\/wp\/v2\/product"}],"about":[{"href":"https:\/\/otlas.com.br\/index.php\/wp-json\/wp\/v2\/types\/product"}],"wp:featuredmedia":[{"embeddable":true,"href":"https:\/\/otlas.com.br\/index.php\/wp-json\/wp\/v2\/media\/375"}],"wp:attachment":[{"href":"https:\/\/otlas.com.br\/index.php\/wp-json\/wp\/v2\/media?parent=374"}],"wp:term":[{"taxonomy":"product_brand","embeddable":true,"href":"https:\/\/otlas.com.br\/index.php\/wp-json\/wp\/v2\/product_brand?post=374"},{"taxonomy":"product_cat","embeddable":true,"href":"https:\/\/otlas.com.br\/index.php\/wp-json\/wp\/v2\/product_cat?post=374"},{"taxonomy":"product_tag","embeddable":true,"href":"https:\/\/otlas.com.br\/index.php\/wp-json\/wp\/v2\/product_tag?post=374"}],"curies":[{"name":"wp","href":"https:\/\/api.w.org\/{rel}","templated":true}]}}