{"id":376,"date":"2024-03-28T11:13:18","date_gmt":"2024-03-28T11:13:18","guid":{"rendered":"http:\/\/otlas.com.br\/?post_type=product&#038;p=376"},"modified":"2024-03-28T11:13:18","modified_gmt":"2024-03-28T11:13:18","slug":"chewing-gum-remover-400ml-spartan","status":"publish","type":"product","link":"https:\/\/otlas.com.br\/index.php\/produto\/chewing-gum-remover-400ml-spartan\/","title":{"rendered":"CHEWING GUM REMOVER 400ML SPARTAN"},"content":{"rendered":"","protected":false},"excerpt":{"rendered":"<p>Aerossol para remo\u00e7\u00e3o de\u00a0goma de mascar, velas, ceras e outras subst\u00e2ncias aderidas em tapetes, estofados, madeira, pl\u00e1stico e vinil.<br \/>\nChewing Gum Remover congela instantaneamente a goma de mascar e a torna r\u00edgida, para que ela possa ser facilmente quebrada ou removida com uma esp\u00e1tula ou raspador, sem deixar res\u00edduos.<br \/>\nIdeal para hot\u00e9is, teatros, cinemas, audit\u00f3rios, institui\u00e7\u00f5es de ensino, entre outros ambientes.<\/p>\n","protected":false},"featured_media":377,"template":"","meta":[],"product_brand":[],"product_cat":[22,32],"product_tag":[],"class_list":{"0":"post-376","1":"product","2":"type-product","3":"status-publish","4":"has-post-thumbnail","6":"product_cat-material-de-limpeza","7":"product_cat-spartan","9":"first","10":"instock","11":"shipping-taxable","12":"product-type-simple"},"_links":{"self":[{"href":"https:\/\/otlas.com.br\/index.php\/wp-json\/wp\/v2\/product\/376","targetHints":{"allow":["GET"]}}],"collection":[{"href":"https:\/\/otlas.com.br\/index.php\/wp-json\/wp\/v2\/product"}],"about":[{"href":"https:\/\/otlas.com.br\/index.php\/wp-json\/wp\/v2\/types\/product"}],"wp:featuredmedia":[{"embeddable":true,"href":"https:\/\/otlas.com.br\/index.php\/wp-json\/wp\/v2\/media\/377"}],"wp:attachment":[{"href":"https:\/\/otlas.com.br\/index.php\/wp-json\/wp\/v2\/media?parent=376"}],"wp:term":[{"taxonomy":"product_brand","embeddable":true,"href":"https:\/\/otlas.com.br\/index.php\/wp-json\/wp\/v2\/product_brand?post=376"},{"taxonomy":"product_cat","embeddable":true,"href":"https:\/\/otlas.com.br\/index.php\/wp-json\/wp\/v2\/product_cat?post=376"},{"taxonomy":"product_tag","embeddable":true,"href":"https:\/\/otlas.com.br\/index.php\/wp-json\/wp\/v2\/product_tag?post=376"}],"curies":[{"name":"wp","href":"https:\/\/api.w.org\/{rel}","templated":true}]}}