{"id":379,"date":"2024-03-28T11:27:39","date_gmt":"2024-03-28T11:27:39","guid":{"rendered":"http:\/\/otlas.com.br\/?post_type=product&#038;p=379"},"modified":"2024-03-28T11:27:39","modified_gmt":"2024-03-28T11:27:39","slug":"contempo-odor-solution-1l-spartan","status":"publish","type":"product","link":"https:\/\/otlas.com.br\/index.php\/produto\/contempo-odor-solution-1l-spartan\/","title":{"rendered":"CONTEMPO ODOR SOLUTION 1L SPARTAN"},"content":{"rendered":"","protected":false},"excerpt":{"rendered":"<p>Limpador com a\u00e7\u00e3o alvejante e neutralizadora de maus odores.<\/p>\n<p>Desenvolvido para remo\u00e7\u00e3o de manchas e odores desagrad\u00e1veis provenientes de urina de c\u00e3es e gatos.<\/p>\n<p>Remove, emulsifica e solubiliza com efici\u00eancia as sujidades presentes em tecidos, almofadas, estofados, tapetes, carpetes, colch\u00f5es, colchonetes, entre outras superf\u00edcies absorventes.<\/p>\n","protected":false},"featured_media":380,"template":"","meta":[],"product_brand":[],"product_cat":[22,32],"product_tag":[],"class_list":{"0":"post-379","1":"product","2":"type-product","3":"status-publish","4":"has-post-thumbnail","6":"product_cat-material-de-limpeza","7":"product_cat-spartan","9":"first","10":"instock","11":"shipping-taxable","12":"product-type-simple"},"_links":{"self":[{"href":"https:\/\/otlas.com.br\/index.php\/wp-json\/wp\/v2\/product\/379","targetHints":{"allow":["GET"]}}],"collection":[{"href":"https:\/\/otlas.com.br\/index.php\/wp-json\/wp\/v2\/product"}],"about":[{"href":"https:\/\/otlas.com.br\/index.php\/wp-json\/wp\/v2\/types\/product"}],"wp:featuredmedia":[{"embeddable":true,"href":"https:\/\/otlas.com.br\/index.php\/wp-json\/wp\/v2\/media\/380"}],"wp:attachment":[{"href":"https:\/\/otlas.com.br\/index.php\/wp-json\/wp\/v2\/media?parent=379"}],"wp:term":[{"taxonomy":"product_brand","embeddable":true,"href":"https:\/\/otlas.com.br\/index.php\/wp-json\/wp\/v2\/product_brand?post=379"},{"taxonomy":"product_cat","embeddable":true,"href":"https:\/\/otlas.com.br\/index.php\/wp-json\/wp\/v2\/product_cat?post=379"},{"taxonomy":"product_tag","embeddable":true,"href":"https:\/\/otlas.com.br\/index.php\/wp-json\/wp\/v2\/product_tag?post=379"}],"curies":[{"name":"wp","href":"https:\/\/api.w.org\/{rel}","templated":true}]}}