{"id":382,"date":"2024-03-28T11:29:41","date_gmt":"2024-03-28T11:29:41","guid":{"rendered":"http:\/\/otlas.com.br\/?post_type=product&#038;p=382"},"modified":"2024-03-28T11:29:41","modified_gmt":"2024-03-28T11:29:41","slug":"contempo-v-5l-spartan","status":"publish","type":"product","link":"https:\/\/otlas.com.br\/index.php\/produto\/contempo-v-5l-spartan\/","title":{"rendered":"CONTEMPO V 5L SPARTAN"},"content":{"rendered":"","protected":false},"excerpt":{"rendered":"<div class=\"col-sm-6 col-md-8\">\n<p>Limpador neutro concentrado, de baixa espuma\u00e7\u00e3o, destinado \u00e0 limpeza de carpetes, tapetes e estofados. Pode ser utilizado pelo m\u00e9todo de limpeza por extra\u00e7\u00e3o ou bonnet.<\/p>\n<\/div>\n<div class=\"col-sm-6 col-md-4\"><\/div>\n","protected":false},"featured_media":383,"template":"","meta":[],"product_brand":[],"product_cat":[22,32],"product_tag":[],"class_list":{"0":"post-382","1":"product","2":"type-product","3":"status-publish","4":"has-post-thumbnail","6":"product_cat-material-de-limpeza","7":"product_cat-spartan","9":"first","10":"instock","11":"shipping-taxable","12":"product-type-simple"},"_links":{"self":[{"href":"https:\/\/otlas.com.br\/index.php\/wp-json\/wp\/v2\/product\/382","targetHints":{"allow":["GET"]}}],"collection":[{"href":"https:\/\/otlas.com.br\/index.php\/wp-json\/wp\/v2\/product"}],"about":[{"href":"https:\/\/otlas.com.br\/index.php\/wp-json\/wp\/v2\/types\/product"}],"wp:featuredmedia":[{"embeddable":true,"href":"https:\/\/otlas.com.br\/index.php\/wp-json\/wp\/v2\/media\/383"}],"wp:attachment":[{"href":"https:\/\/otlas.com.br\/index.php\/wp-json\/wp\/v2\/media?parent=382"}],"wp:term":[{"taxonomy":"product_brand","embeddable":true,"href":"https:\/\/otlas.com.br\/index.php\/wp-json\/wp\/v2\/product_brand?post=382"},{"taxonomy":"product_cat","embeddable":true,"href":"https:\/\/otlas.com.br\/index.php\/wp-json\/wp\/v2\/product_cat?post=382"},{"taxonomy":"product_tag","embeddable":true,"href":"https:\/\/otlas.com.br\/index.php\/wp-json\/wp\/v2\/product_tag?post=382"}],"curies":[{"name":"wp","href":"https:\/\/api.w.org\/{rel}","templated":true}]}}