{"id":384,"date":"2024-04-03T10:32:21","date_gmt":"2024-04-03T10:32:21","guid":{"rendered":"http:\/\/otlas.com.br\/?post_type=product&#038;p=384"},"modified":"2024-04-03T10:32:22","modified_gmt":"2024-04-03T10:32:22","slug":"peroxy-flot","status":"publish","type":"product","link":"https:\/\/otlas.com.br\/index.php\/produto\/peroxy-flot\/","title":{"rendered":"PEROXY FLOT"},"content":{"rendered":"","protected":false},"excerpt":{"rendered":"<p>Flotador concentrado \u00e0 base de per\u00f3xido de hidrog\u00eanio. Ideal para limpeza e alvejamento dos mais variados tipos de tecidos, como: suede, linho, algod\u00e3o, chenille, entre outros.<\/p>\n","protected":false},"featured_media":385,"template":"","meta":[],"product_brand":[],"product_cat":[22,32],"product_tag":[],"class_list":{"0":"post-384","1":"product","2":"type-product","3":"status-publish","4":"has-post-thumbnail","6":"product_cat-material-de-limpeza","7":"product_cat-spartan","9":"first","10":"instock","11":"shipping-taxable","12":"product-type-simple"},"_links":{"self":[{"href":"https:\/\/otlas.com.br\/index.php\/wp-json\/wp\/v2\/product\/384","targetHints":{"allow":["GET"]}}],"collection":[{"href":"https:\/\/otlas.com.br\/index.php\/wp-json\/wp\/v2\/product"}],"about":[{"href":"https:\/\/otlas.com.br\/index.php\/wp-json\/wp\/v2\/types\/product"}],"wp:featuredmedia":[{"embeddable":true,"href":"https:\/\/otlas.com.br\/index.php\/wp-json\/wp\/v2\/media\/385"}],"wp:attachment":[{"href":"https:\/\/otlas.com.br\/index.php\/wp-json\/wp\/v2\/media?parent=384"}],"wp:term":[{"taxonomy":"product_brand","embeddable":true,"href":"https:\/\/otlas.com.br\/index.php\/wp-json\/wp\/v2\/product_brand?post=384"},{"taxonomy":"product_cat","embeddable":true,"href":"https:\/\/otlas.com.br\/index.php\/wp-json\/wp\/v2\/product_cat?post=384"},{"taxonomy":"product_tag","embeddable":true,"href":"https:\/\/otlas.com.br\/index.php\/wp-json\/wp\/v2\/product_tag?post=384"}],"curies":[{"name":"wp","href":"https:\/\/api.w.org\/{rel}","templated":true}]}}