{"id":386,"date":"2024-04-03T10:34:48","date_gmt":"2024-04-03T10:34:48","guid":{"rendered":"http:\/\/otlas.com.br\/?post_type=product&#038;p=386"},"modified":"2024-04-03T10:34:48","modified_gmt":"2024-04-03T10:34:48","slug":"plus-5","status":"publish","type":"product","link":"https:\/\/otlas.com.br\/index.php\/produto\/plus-5\/","title":{"rendered":"PLUS 5"},"content":{"rendered":"","protected":false},"excerpt":{"rendered":"<p>Detergente de alta espuma\u00e7\u00e3o, destinado \u00e0 limpeza de carpetes, tapetes, estofados e colch\u00f5es. Desenvolvido especialmente para limpeza pesada. \u00c9 indicado para o uso em sistemas de escova rotativa, espuma seca ou limpeza manual.<\/p>\n","protected":false},"featured_media":387,"template":"","meta":[],"product_brand":[],"product_cat":[22,32],"product_tag":[],"class_list":{"0":"post-386","1":"product","2":"type-product","3":"status-publish","4":"has-post-thumbnail","6":"product_cat-material-de-limpeza","7":"product_cat-spartan","9":"first","10":"instock","11":"shipping-taxable","12":"product-type-simple"},"_links":{"self":[{"href":"https:\/\/otlas.com.br\/index.php\/wp-json\/wp\/v2\/product\/386","targetHints":{"allow":["GET"]}}],"collection":[{"href":"https:\/\/otlas.com.br\/index.php\/wp-json\/wp\/v2\/product"}],"about":[{"href":"https:\/\/otlas.com.br\/index.php\/wp-json\/wp\/v2\/types\/product"}],"wp:featuredmedia":[{"embeddable":true,"href":"https:\/\/otlas.com.br\/index.php\/wp-json\/wp\/v2\/media\/387"}],"wp:attachment":[{"href":"https:\/\/otlas.com.br\/index.php\/wp-json\/wp\/v2\/media?parent=386"}],"wp:term":[{"taxonomy":"product_brand","embeddable":true,"href":"https:\/\/otlas.com.br\/index.php\/wp-json\/wp\/v2\/product_brand?post=386"},{"taxonomy":"product_cat","embeddable":true,"href":"https:\/\/otlas.com.br\/index.php\/wp-json\/wp\/v2\/product_cat?post=386"},{"taxonomy":"product_tag","embeddable":true,"href":"https:\/\/otlas.com.br\/index.php\/wp-json\/wp\/v2\/product_tag?post=386"}],"curies":[{"name":"wp","href":"https:\/\/api.w.org\/{rel}","templated":true}]}}