{"id":388,"date":"2024-04-03T10:40:41","date_gmt":"2024-04-03T10:40:41","guid":{"rendered":"http:\/\/otlas.com.br\/?post_type=product&#038;p=388"},"modified":"2024-04-03T10:40:41","modified_gmt":"2024-04-03T10:40:41","slug":"spartagard-tecidos","status":"publish","type":"product","link":"https:\/\/otlas.com.br\/index.php\/produto\/spartagard-tecidos\/","title":{"rendered":"SPARTAGARD TECIDOS"},"content":{"rendered":"","protected":false},"excerpt":{"rendered":"<p>Uso Profissional. Protetor para tecidos e estofados, que garante hidrofuga\u00e7\u00e3o ou repel\u00eancia, retardando a penetra\u00e7\u00e3o de l\u00edquidos \u00e0 base de \u00e1gua, tais como, suco, refrigerante, caf\u00e9, molho, etc.<\/p>\n","protected":false},"featured_media":389,"template":"","meta":[],"product_brand":[],"product_cat":[30],"product_tag":[],"class_list":{"0":"post-388","1":"product","2":"type-product","3":"status-publish","4":"has-post-thumbnail","6":"product_cat-sem-categoria","8":"first","9":"instock","10":"shipping-taxable","11":"product-type-simple"},"_links":{"self":[{"href":"https:\/\/otlas.com.br\/index.php\/wp-json\/wp\/v2\/product\/388","targetHints":{"allow":["GET"]}}],"collection":[{"href":"https:\/\/otlas.com.br\/index.php\/wp-json\/wp\/v2\/product"}],"about":[{"href":"https:\/\/otlas.com.br\/index.php\/wp-json\/wp\/v2\/types\/product"}],"wp:featuredmedia":[{"embeddable":true,"href":"https:\/\/otlas.com.br\/index.php\/wp-json\/wp\/v2\/media\/389"}],"wp:attachment":[{"href":"https:\/\/otlas.com.br\/index.php\/wp-json\/wp\/v2\/media?parent=388"}],"wp:term":[{"taxonomy":"product_brand","embeddable":true,"href":"https:\/\/otlas.com.br\/index.php\/wp-json\/wp\/v2\/product_brand?post=388"},{"taxonomy":"product_cat","embeddable":true,"href":"https:\/\/otlas.com.br\/index.php\/wp-json\/wp\/v2\/product_cat?post=388"},{"taxonomy":"product_tag","embeddable":true,"href":"https:\/\/otlas.com.br\/index.php\/wp-json\/wp\/v2\/product_tag?post=388"}],"curies":[{"name":"wp","href":"https:\/\/api.w.org\/{rel}","templated":true}]}}