{"id":390,"date":"2024-04-03T10:43:49","date_gmt":"2024-04-03T10:43:49","guid":{"rendered":"http:\/\/otlas.com.br\/?post_type=product&#038;p=390"},"modified":"2024-04-03T10:43:50","modified_gmt":"2024-04-03T10:43:50","slug":"sse-carpet-prespray-spotter","status":"publish","type":"product","link":"https:\/\/otlas.com.br\/index.php\/produto\/sse-carpet-prespray-spotter\/","title":{"rendered":"SSE CARPET PRESPRAY &amp; SPOTTER"},"content":{"rendered":"","protected":false},"excerpt":{"rendered":"<p>Removedor de manchas em carpetes, tapetes e estofados. Indicado para a remo\u00e7\u00e3o de oleosidade, gordura, caf\u00e9, suco e manchas em geral.<\/p>\n","protected":false},"featured_media":391,"template":"","meta":[],"product_brand":[],"product_cat":[22,32],"product_tag":[],"class_list":{"0":"post-390","1":"product","2":"type-product","3":"status-publish","4":"has-post-thumbnail","6":"product_cat-material-de-limpeza","7":"product_cat-spartan","9":"first","10":"instock","11":"shipping-taxable","12":"product-type-simple"},"_links":{"self":[{"href":"https:\/\/otlas.com.br\/index.php\/wp-json\/wp\/v2\/product\/390","targetHints":{"allow":["GET"]}}],"collection":[{"href":"https:\/\/otlas.com.br\/index.php\/wp-json\/wp\/v2\/product"}],"about":[{"href":"https:\/\/otlas.com.br\/index.php\/wp-json\/wp\/v2\/types\/product"}],"wp:featuredmedia":[{"embeddable":true,"href":"https:\/\/otlas.com.br\/index.php\/wp-json\/wp\/v2\/media\/391"}],"wp:attachment":[{"href":"https:\/\/otlas.com.br\/index.php\/wp-json\/wp\/v2\/media?parent=390"}],"wp:term":[{"taxonomy":"product_brand","embeddable":true,"href":"https:\/\/otlas.com.br\/index.php\/wp-json\/wp\/v2\/product_brand?post=390"},{"taxonomy":"product_cat","embeddable":true,"href":"https:\/\/otlas.com.br\/index.php\/wp-json\/wp\/v2\/product_cat?post=390"},{"taxonomy":"product_tag","embeddable":true,"href":"https:\/\/otlas.com.br\/index.php\/wp-json\/wp\/v2\/product_tag?post=390"}],"curies":[{"name":"wp","href":"https:\/\/api.w.org\/{rel}","templated":true}]}}