{"id":394,"date":"2024-04-03T10:53:50","date_gmt":"2024-04-03T10:53:50","guid":{"rendered":"http:\/\/otlas.com.br\/?post_type=product&#038;p=394"},"modified":"2024-04-03T10:53:51","modified_gmt":"2024-04-03T10:53:51","slug":"bc-5","status":"publish","type":"product","link":"https:\/\/otlas.com.br\/index.php\/produto\/bc-5\/","title":{"rendered":"BC-5"},"content":{"rendered":"","protected":false},"excerpt":{"rendered":"<section class=\"section--padded product-details\">\n<div class=\"container\">\n<div class=\"row\">\n<div class=\"product-details__body\">\n<div class=\"product-details__details\">\n<div class=\"col-sm-6 col-md-8\">\n<p>Desincrustante de base \u00e1cida, indicado para remo\u00e7\u00e3o de res\u00edduos de concreto, cimento, argamassa, gesso, terra, argila, oxida\u00e7\u00f5es e incrusta\u00e7\u00f5es de calc\u00e1rio em betoneiras, andaimes, caminh\u00e3o betoneira, entre outros equipamentos comumente encontrados na constru\u00e7\u00e3o civil.<\/p>\n<p>Tamb\u00e9m indicado para limpeza profunda em pedras ornamentais utilizadas em pisos e revestimentos em \u00e1reas externas, tais como: pedra mineira, s\u00e3o tom\u00e9, pedra goi\u00e1s, carranquinha, granito r\u00fastico (flameado e apicoado), miracema, mosaico portugu\u00eas, pedra madeira, entre outras.<\/p>\n<p>BC-5 \u00e9 composto por um blend de dois \u00e1cidos: clor\u00eddrico e fosf\u00f3rico, caracter\u00edstica que proporciona maior efetividade at\u00e9 em altos n\u00edveis de incrusta\u00e7\u00e3o. Al\u00e9m disso, BC-5 pode ser utilizado como fosfatizante de superf\u00edcies met\u00e1licas, que remove oxida\u00e7\u00f5es e proporciona uma pel\u00edcula protetora a superf\u00edcie.<\/p>\n<p>BC-5 age dissolvendo cimentos, argamassas, gessos e rejuntamentos ciment\u00edcios, tornando-os facilmente remov\u00edveis. Sua formula\u00e7\u00e3o altamente concentrada, permite dilui\u00e7\u00f5es em \u00e1gua e inibe o ataque \u00e1cido a diversas superf\u00edcies met\u00e1licas.<\/p>\n<p>BC-5 cont\u00e9m anticorrosivo, que minimiza o ataque \u00e1cido em superf\u00edcies.<\/p>\n<\/div>\n<div class=\"col-sm-6 col-md-4\"><\/div>\n<\/div>\n<\/div>\n<\/div>\n<\/div>\n<\/section>\n","protected":false},"featured_media":395,"template":"","meta":[],"product_brand":[],"product_cat":[22,32],"product_tag":[],"class_list":{"0":"post-394","1":"product","2":"type-product","3":"status-publish","4":"has-post-thumbnail","6":"product_cat-material-de-limpeza","7":"product_cat-spartan","9":"first","10":"instock","11":"shipping-taxable","12":"product-type-simple"},"_links":{"self":[{"href":"https:\/\/otlas.com.br\/index.php\/wp-json\/wp\/v2\/product\/394","targetHints":{"allow":["GET"]}}],"collection":[{"href":"https:\/\/otlas.com.br\/index.php\/wp-json\/wp\/v2\/product"}],"about":[{"href":"https:\/\/otlas.com.br\/index.php\/wp-json\/wp\/v2\/types\/product"}],"wp:featuredmedia":[{"embeddable":true,"href":"https:\/\/otlas.com.br\/index.php\/wp-json\/wp\/v2\/media\/395"}],"wp:attachment":[{"href":"https:\/\/otlas.com.br\/index.php\/wp-json\/wp\/v2\/media?parent=394"}],"wp:term":[{"taxonomy":"product_brand","embeddable":true,"href":"https:\/\/otlas.com.br\/index.php\/wp-json\/wp\/v2\/product_brand?post=394"},{"taxonomy":"product_cat","embeddable":true,"href":"https:\/\/otlas.com.br\/index.php\/wp-json\/wp\/v2\/product_cat?post=394"},{"taxonomy":"product_tag","embeddable":true,"href":"https:\/\/otlas.com.br\/index.php\/wp-json\/wp\/v2\/product_tag?post=394"}],"curies":[{"name":"wp","href":"https:\/\/api.w.org\/{rel}","templated":true}]}}