{"id":409,"date":"2024-07-05T18:23:59","date_gmt":"2024-07-05T18:23:59","guid":{"rendered":"http:\/\/otlas.com.br\/?post_type=product&#038;p=409"},"modified":"2024-07-25T17:59:10","modified_gmt":"2024-07-25T17:59:10","slug":"limpa-pedra-5l-girassol","status":"publish","type":"product","link":"https:\/\/otlas.com.br\/index.php\/produto\/limpa-pedra-5l-girassol\/","title":{"rendered":"LIMPA PEDRA 5L &#8211; GIRASSOL"},"content":{"rendered":"<p>\u00c9 indicado para desincrusta\u00e7\u00e3o profunda em pedras r\u00fasticas, cimentos, p\u00e1tios e garagens. N\u00e3o utilizar em pedras polidas, lajotas, porcelanato e piso frio.<\/p>\n","protected":false},"excerpt":{"rendered":"<p>\u00c9 indicado para desincrusta\u00e7\u00e3o profunda em pedras r\u00fasticas, cimentos, p\u00e1tios e garagens. N\u00e3o utilizar em pedras polidas, lajotas, porcelanato e piso frio.<\/p>\n","protected":false},"featured_media":451,"template":"","meta":[],"product_brand":[],"product_cat":[22],"product_tag":[],"class_list":{"0":"post-409","1":"product","2":"type-product","3":"status-publish","4":"has-post-thumbnail","6":"product_cat-material-de-limpeza","8":"first","9":"instock","10":"shipping-taxable","11":"product-type-simple"},"_links":{"self":[{"href":"https:\/\/otlas.com.br\/index.php\/wp-json\/wp\/v2\/product\/409","targetHints":{"allow":["GET"]}}],"collection":[{"href":"https:\/\/otlas.com.br\/index.php\/wp-json\/wp\/v2\/product"}],"about":[{"href":"https:\/\/otlas.com.br\/index.php\/wp-json\/wp\/v2\/types\/product"}],"wp:featuredmedia":[{"embeddable":true,"href":"https:\/\/otlas.com.br\/index.php\/wp-json\/wp\/v2\/media\/451"}],"wp:attachment":[{"href":"https:\/\/otlas.com.br\/index.php\/wp-json\/wp\/v2\/media?parent=409"}],"wp:term":[{"taxonomy":"product_brand","embeddable":true,"href":"https:\/\/otlas.com.br\/index.php\/wp-json\/wp\/v2\/product_brand?post=409"},{"taxonomy":"product_cat","embeddable":true,"href":"https:\/\/otlas.com.br\/index.php\/wp-json\/wp\/v2\/product_cat?post=409"},{"taxonomy":"product_tag","embeddable":true,"href":"https:\/\/otlas.com.br\/index.php\/wp-json\/wp\/v2\/product_tag?post=409"}],"curies":[{"name":"wp","href":"https:\/\/api.w.org\/{rel}","templated":true}]}}