{"id":480,"date":"2024-08-02T19:13:52","date_gmt":"2024-08-02T19:13:52","guid":{"rendered":"https:\/\/otlas.com.br\/?post_type=product&#038;p=480"},"modified":"2024-08-02T19:13:53","modified_gmt":"2024-08-02T19:13:53","slug":"removedor-multiuso-suprema","status":"publish","type":"product","link":"https:\/\/otlas.com.br\/index.php\/produto\/removedor-multiuso-suprema\/","title":{"rendered":"Removedor Multiuso Suprema"},"content":{"rendered":"<p>Removedor Multiuso Tradicional Suprema 500ml &#8211; Limpeza eficaz e versatilidade em um \u00fanico produto.<\/p>\n<p>Com o Removedor Multisuperf\u00edcies Suprema, voc\u00ea pode limpar a casa inteira sem esfor\u00e7o, removendo as sujeiras mais dif\u00edceis de maneira r\u00e1pida e eficiente. Com sua f\u00f3rmula especial \u00e0 base de \u00e1gua, o produto \u00e9 uma op\u00e7\u00e3o muito mais segura e ecol\u00f3gica para voc\u00ea, sua fam\u00edlia e o meio ambiente.<\/p>\n<p>Benef\u00edcios:<br \/>\n&#8211; Limpeza r\u00e1pida e eficiente<br \/>\n&#8211; F\u00f3rmula \u00e0 base de \u00e1gua<br \/>\n&#8211; N\u00e3o agride as m\u00e3os<br \/>\n&#8211; Produto ecol\u00f3gico<\/p>\n","protected":false},"excerpt":{"rendered":"<p>Removedor Multiuso Tradicional Suprema 500ml &#8211; Limpeza eficaz e versatilidade em um \u00fanico produto. Com o Removedor Multisuperf\u00edcies Suprema, voc\u00ea pode limpar a casa inteira sem esfor\u00e7o, removendo as sujeiras mais dif\u00edceis de maneira r\u00e1pida e eficiente. Com sua f\u00f3rmula especial \u00e0 base de \u00e1gua, o produto \u00e9 uma op\u00e7\u00e3o muito mais segura e ecol\u00f3gica [&hellip;]<\/p>\n","protected":false},"featured_media":481,"template":"","meta":[],"product_brand":[],"product_cat":[22],"product_tag":[],"class_list":{"0":"post-480","1":"product","2":"type-product","3":"status-publish","4":"has-post-thumbnail","6":"product_cat-material-de-limpeza","8":"first","9":"instock","10":"shipping-taxable","11":"product-type-simple"},"_links":{"self":[{"href":"https:\/\/otlas.com.br\/index.php\/wp-json\/wp\/v2\/product\/480","targetHints":{"allow":["GET"]}}],"collection":[{"href":"https:\/\/otlas.com.br\/index.php\/wp-json\/wp\/v2\/product"}],"about":[{"href":"https:\/\/otlas.com.br\/index.php\/wp-json\/wp\/v2\/types\/product"}],"wp:featuredmedia":[{"embeddable":true,"href":"https:\/\/otlas.com.br\/index.php\/wp-json\/wp\/v2\/media\/481"}],"wp:attachment":[{"href":"https:\/\/otlas.com.br\/index.php\/wp-json\/wp\/v2\/media?parent=480"}],"wp:term":[{"taxonomy":"product_brand","embeddable":true,"href":"https:\/\/otlas.com.br\/index.php\/wp-json\/wp\/v2\/product_brand?post=480"},{"taxonomy":"product_cat","embeddable":true,"href":"https:\/\/otlas.com.br\/index.php\/wp-json\/wp\/v2\/product_cat?post=480"},{"taxonomy":"product_tag","embeddable":true,"href":"https:\/\/otlas.com.br\/index.php\/wp-json\/wp\/v2\/product_tag?post=480"}],"curies":[{"name":"wp","href":"https:\/\/api.w.org\/{rel}","templated":true}]}}