{"id":482,"date":"2024-08-02T19:16:57","date_gmt":"2024-08-02T19:16:57","guid":{"rendered":"https:\/\/otlas.com.br\/?post_type=product&#038;p=482"},"modified":"2024-08-02T19:16:57","modified_gmt":"2024-08-02T19:16:57","slug":"sapolio-cremoso","status":"publish","type":"product","link":"https:\/\/otlas.com.br\/index.php\/produto\/sapolio-cremoso\/","title":{"rendered":"Sap\u00f3lio Cremoso"},"content":{"rendered":"<p>Sap\u00f3lio Radium Cremoso \u00e9 um produto completo, tem \u00f3tima performance e \u00e9 multiuso: desengordura, remove manchas e d\u00e1 brilho sem riscar.<\/p>\n<p>Sap\u00f3lio Radium Antibac com micropart\u00edculas contra germes e bact\u00e9rias, desengordurando e higienizando sem esfor\u00e7o.<br \/>\nLimpador em creme, limpa e d\u00e1 brilho sem riscar.<\/p>\n","protected":false},"excerpt":{"rendered":"<p>Sap\u00f3lio Radium Cremoso \u00e9 um produto completo, tem \u00f3tima performance e \u00e9 multiuso: desengordura, remove manchas e d\u00e1 brilho sem riscar. Sap\u00f3lio Radium Antibac com micropart\u00edculas contra germes e bact\u00e9rias, desengordurando e higienizando sem esfor\u00e7o. Limpador em creme, limpa e d\u00e1 brilho sem riscar.<\/p>\n","protected":false},"featured_media":483,"template":"","meta":[],"product_brand":[],"product_cat":[22],"product_tag":[],"class_list":{"0":"post-482","1":"product","2":"type-product","3":"status-publish","4":"has-post-thumbnail","6":"product_cat-material-de-limpeza","8":"first","9":"instock","10":"shipping-taxable","11":"product-type-simple"},"_links":{"self":[{"href":"https:\/\/otlas.com.br\/index.php\/wp-json\/wp\/v2\/product\/482","targetHints":{"allow":["GET"]}}],"collection":[{"href":"https:\/\/otlas.com.br\/index.php\/wp-json\/wp\/v2\/product"}],"about":[{"href":"https:\/\/otlas.com.br\/index.php\/wp-json\/wp\/v2\/types\/product"}],"wp:featuredmedia":[{"embeddable":true,"href":"https:\/\/otlas.com.br\/index.php\/wp-json\/wp\/v2\/media\/483"}],"wp:attachment":[{"href":"https:\/\/otlas.com.br\/index.php\/wp-json\/wp\/v2\/media?parent=482"}],"wp:term":[{"taxonomy":"product_brand","embeddable":true,"href":"https:\/\/otlas.com.br\/index.php\/wp-json\/wp\/v2\/product_brand?post=482"},{"taxonomy":"product_cat","embeddable":true,"href":"https:\/\/otlas.com.br\/index.php\/wp-json\/wp\/v2\/product_cat?post=482"},{"taxonomy":"product_tag","embeddable":true,"href":"https:\/\/otlas.com.br\/index.php\/wp-json\/wp\/v2\/product_tag?post=482"}],"curies":[{"name":"wp","href":"https:\/\/api.w.org\/{rel}","templated":true}]}}