{"id":484,"date":"2024-08-02T19:17:58","date_gmt":"2024-08-02T19:17:58","guid":{"rendered":"https:\/\/otlas.com.br\/?post_type=product&#038;p=484"},"modified":"2024-08-02T19:17:58","modified_gmt":"2024-08-02T19:17:58","slug":"sapolio-cremoso-worker-200ml","status":"publish","type":"product","link":"https:\/\/otlas.com.br\/index.php\/produto\/sapolio-cremoso-worker-200ml\/","title":{"rendered":"Sap\u00f3lio cremoso Worker &#8211; 200mL"},"content":{"rendered":"<p>Sapon\u00e1ceo ideal para limpeza de superf\u00edcies cromadas, esmaltadas, de a\u00e7o inox, porcelanas, lou\u00e7as, al\u00e9m de pisos frios, deixando um brilho intenso e um agrad\u00e1vel perfume. N\u00e3o pode ser aplicado em vidros e superf\u00edcies acr\u00edlicas.<\/p>\n","protected":false},"excerpt":{"rendered":"<p>Sapon\u00e1ceo ideal para limpeza de superf\u00edcies cromadas, esmaltadas, de a\u00e7o inox, porcelanas, lou\u00e7as, al\u00e9m de pisos frios, deixando um brilho intenso e um agrad\u00e1vel perfume. N\u00e3o pode ser aplicado em vidros e superf\u00edcies acr\u00edlicas.<\/p>\n","protected":false},"featured_media":485,"template":"","meta":[],"product_brand":[],"product_cat":[22],"product_tag":[],"class_list":{"0":"post-484","1":"product","2":"type-product","3":"status-publish","4":"has-post-thumbnail","6":"product_cat-material-de-limpeza","8":"first","9":"instock","10":"shipping-taxable","11":"product-type-simple"},"_links":{"self":[{"href":"https:\/\/otlas.com.br\/index.php\/wp-json\/wp\/v2\/product\/484","targetHints":{"allow":["GET"]}}],"collection":[{"href":"https:\/\/otlas.com.br\/index.php\/wp-json\/wp\/v2\/product"}],"about":[{"href":"https:\/\/otlas.com.br\/index.php\/wp-json\/wp\/v2\/types\/product"}],"wp:featuredmedia":[{"embeddable":true,"href":"https:\/\/otlas.com.br\/index.php\/wp-json\/wp\/v2\/media\/485"}],"wp:attachment":[{"href":"https:\/\/otlas.com.br\/index.php\/wp-json\/wp\/v2\/media?parent=484"}],"wp:term":[{"taxonomy":"product_brand","embeddable":true,"href":"https:\/\/otlas.com.br\/index.php\/wp-json\/wp\/v2\/product_brand?post=484"},{"taxonomy":"product_cat","embeddable":true,"href":"https:\/\/otlas.com.br\/index.php\/wp-json\/wp\/v2\/product_cat?post=484"},{"taxonomy":"product_tag","embeddable":true,"href":"https:\/\/otlas.com.br\/index.php\/wp-json\/wp\/v2\/product_tag?post=484"}],"curies":[{"name":"wp","href":"https:\/\/api.w.org\/{rel}","templated":true}]}}