{"id":488,"date":"2024-08-02T19:27:49","date_gmt":"2024-08-02T19:27:49","guid":{"rendered":"https:\/\/otlas.com.br\/?post_type=product&#038;p=488"},"modified":"2024-08-02T19:27:49","modified_gmt":"2024-08-02T19:27:49","slug":"sabao-em-pedra-glicerinado-com-5-unidades-ype","status":"publish","type":"product","link":"https:\/\/otlas.com.br\/index.php\/produto\/sabao-em-pedra-glicerinado-com-5-unidades-ype\/","title":{"rendered":"Sab\u00e3o em Pedra Glicerinado com 5 Unidades Yp\u00ea"},"content":{"rendered":"<p>Elaborado com pur\u00edssimos \u00f3leos, oferece consist\u00eancia, rendimento e durabilidade. Al\u00e9m disso, o sab\u00e3o Yp\u00ea \u00e9 glicerinado, o que garante transpar\u00eancia e pureza.<\/p>\n<p>Testado por dermatologistas, pode ser usado das mais diversas maneiras e ainda garante a preserva\u00e7\u00e3o do meio ambiente por ser 100% biodegrad\u00e1vel.<\/p>\n<p>Fragr\u00e2ncia: Neutro<\/p>\n<p>Embalagem: Cont\u00e9m 05 unidades com 180g cada<\/p>\n","protected":false},"excerpt":{"rendered":"<p>Elaborado com pur\u00edssimos \u00f3leos, oferece consist\u00eancia, rendimento e durabilidade. Al\u00e9m disso, o sab\u00e3o Yp\u00ea \u00e9 glicerinado, o que garante transpar\u00eancia e pureza. Testado por dermatologistas, pode ser usado das mais diversas maneiras e ainda garante a preserva\u00e7\u00e3o do meio ambiente por ser 100% biodegrad\u00e1vel. Fragr\u00e2ncia: Neutro Embalagem: Cont\u00e9m 05 unidades com 180g cada<\/p>\n","protected":false},"featured_media":489,"template":"","meta":[],"product_brand":[],"product_cat":[30],"product_tag":[],"class_list":{"0":"post-488","1":"product","2":"type-product","3":"status-publish","4":"has-post-thumbnail","6":"product_cat-sem-categoria","8":"first","9":"instock","10":"shipping-taxable","11":"product-type-simple"},"_links":{"self":[{"href":"https:\/\/otlas.com.br\/index.php\/wp-json\/wp\/v2\/product\/488","targetHints":{"allow":["GET"]}}],"collection":[{"href":"https:\/\/otlas.com.br\/index.php\/wp-json\/wp\/v2\/product"}],"about":[{"href":"https:\/\/otlas.com.br\/index.php\/wp-json\/wp\/v2\/types\/product"}],"wp:featuredmedia":[{"embeddable":true,"href":"https:\/\/otlas.com.br\/index.php\/wp-json\/wp\/v2\/media\/489"}],"wp:attachment":[{"href":"https:\/\/otlas.com.br\/index.php\/wp-json\/wp\/v2\/media?parent=488"}],"wp:term":[{"taxonomy":"product_brand","embeddable":true,"href":"https:\/\/otlas.com.br\/index.php\/wp-json\/wp\/v2\/product_brand?post=488"},{"taxonomy":"product_cat","embeddable":true,"href":"https:\/\/otlas.com.br\/index.php\/wp-json\/wp\/v2\/product_cat?post=488"},{"taxonomy":"product_tag","embeddable":true,"href":"https:\/\/otlas.com.br\/index.php\/wp-json\/wp\/v2\/product_tag?post=488"}],"curies":[{"name":"wp","href":"https:\/\/api.w.org\/{rel}","templated":true}]}}