{"id":490,"date":"2024-08-02T19:29:38","date_gmt":"2024-08-02T19:29:38","guid":{"rendered":"https:\/\/otlas.com.br\/?post_type=product&#038;p=490"},"modified":"2024-08-02T19:29:38","modified_gmt":"2024-08-02T19:29:38","slug":"sabao-em-pedra-coco-com-5-unidades-ype","status":"publish","type":"product","link":"https:\/\/otlas.com.br\/index.php\/produto\/sabao-em-pedra-coco-com-5-unidades-ype\/","title":{"rendered":"Sab\u00e3o em Pedra Coco com 5 Unidades Yp\u00ea"},"content":{"rendered":"<p>O Sab\u00e3o em Barra Yp\u00ea cumpre o que promete: remove as sujeiras mais dif\u00edceis e rende mais. Ele \u00e9 \u00fatil na limpeza da casa, da roupa e da lou\u00e7a. Tudo isso porque sua f\u00f3rmula \u00e9 elaborada com ingredientes naturais oferecendo firmeza, rendimento e alta durabilidade. Todas as vers\u00f5es s\u00e3o glicerinadas, testadas e aprovadas por dermatologistas e ainda s\u00e3o 100% biodegrad\u00e1veis.<\/p>\n","protected":false},"excerpt":{"rendered":"<p>O Sab\u00e3o em Barra Yp\u00ea cumpre o que promete: remove as sujeiras mais dif\u00edceis e rende mais. Ele \u00e9 \u00fatil na limpeza da casa, da roupa e da lou\u00e7a. Tudo isso porque sua f\u00f3rmula \u00e9 elaborada com ingredientes naturais oferecendo firmeza, rendimento e alta durabilidade. Todas as vers\u00f5es s\u00e3o glicerinadas, testadas e aprovadas por dermatologistas [&hellip;]<\/p>\n","protected":false},"featured_media":491,"template":"","meta":[],"product_brand":[],"product_cat":[22],"product_tag":[],"class_list":{"0":"post-490","1":"product","2":"type-product","3":"status-publish","4":"has-post-thumbnail","6":"product_cat-material-de-limpeza","8":"first","9":"instock","10":"shipping-taxable","11":"product-type-simple"},"_links":{"self":[{"href":"https:\/\/otlas.com.br\/index.php\/wp-json\/wp\/v2\/product\/490","targetHints":{"allow":["GET"]}}],"collection":[{"href":"https:\/\/otlas.com.br\/index.php\/wp-json\/wp\/v2\/product"}],"about":[{"href":"https:\/\/otlas.com.br\/index.php\/wp-json\/wp\/v2\/types\/product"}],"wp:featuredmedia":[{"embeddable":true,"href":"https:\/\/otlas.com.br\/index.php\/wp-json\/wp\/v2\/media\/491"}],"wp:attachment":[{"href":"https:\/\/otlas.com.br\/index.php\/wp-json\/wp\/v2\/media?parent=490"}],"wp:term":[{"taxonomy":"product_brand","embeddable":true,"href":"https:\/\/otlas.com.br\/index.php\/wp-json\/wp\/v2\/product_brand?post=490"},{"taxonomy":"product_cat","embeddable":true,"href":"https:\/\/otlas.com.br\/index.php\/wp-json\/wp\/v2\/product_cat?post=490"},{"taxonomy":"product_tag","embeddable":true,"href":"https:\/\/otlas.com.br\/index.php\/wp-json\/wp\/v2\/product_tag?post=490"}],"curies":[{"name":"wp","href":"https:\/\/api.w.org\/{rel}","templated":true}]}}