{"id":494,"date":"2024-08-03T13:11:31","date_gmt":"2024-08-03T13:11:31","guid":{"rendered":"https:\/\/otlas.com.br\/?post_type=product&#038;p=494"},"modified":"2024-08-03T13:11:31","modified_gmt":"2024-08-03T13:11:31","slug":"caixa-de-copo-darnel","status":"publish","type":"product","link":"https:\/\/otlas.com.br\/index.php\/produto\/caixa-de-copo-darnel\/","title":{"rendered":"Caixa de Copo Darnel"},"content":{"rendered":"<p>Permitem que os l\u00edquidos mantenham a temperatura por mais tempo. S\u00e3o isolantes t\u00e9rmicos para conservar a temperatura da bebida e n\u00e3o queima as m\u00e3os. As tampas s\u00e3o vendidas separadamente ou em combo.<\/p>\n","protected":false},"excerpt":{"rendered":"<p>Permitem que os l\u00edquidos mantenham a temperatura por mais tempo. S\u00e3o isolantes t\u00e9rmicos para conservar a temperatura da bebida e n\u00e3o queima as m\u00e3os. As tampas s\u00e3o vendidas separadamente ou em combo.<\/p>\n","protected":false},"featured_media":495,"template":"","meta":[],"product_brand":[],"product_cat":[23],"product_tag":[],"class_list":{"0":"post-494","1":"product","2":"type-product","3":"status-publish","4":"has-post-thumbnail","6":"product_cat-descartavel","8":"first","9":"instock","10":"shipping-taxable","11":"product-type-simple"},"_links":{"self":[{"href":"https:\/\/otlas.com.br\/index.php\/wp-json\/wp\/v2\/product\/494","targetHints":{"allow":["GET"]}}],"collection":[{"href":"https:\/\/otlas.com.br\/index.php\/wp-json\/wp\/v2\/product"}],"about":[{"href":"https:\/\/otlas.com.br\/index.php\/wp-json\/wp\/v2\/types\/product"}],"wp:featuredmedia":[{"embeddable":true,"href":"https:\/\/otlas.com.br\/index.php\/wp-json\/wp\/v2\/media\/495"}],"wp:attachment":[{"href":"https:\/\/otlas.com.br\/index.php\/wp-json\/wp\/v2\/media?parent=494"}],"wp:term":[{"taxonomy":"product_brand","embeddable":true,"href":"https:\/\/otlas.com.br\/index.php\/wp-json\/wp\/v2\/product_brand?post=494"},{"taxonomy":"product_cat","embeddable":true,"href":"https:\/\/otlas.com.br\/index.php\/wp-json\/wp\/v2\/product_cat?post=494"},{"taxonomy":"product_tag","embeddable":true,"href":"https:\/\/otlas.com.br\/index.php\/wp-json\/wp\/v2\/product_tag?post=494"}],"curies":[{"name":"wp","href":"https:\/\/api.w.org\/{rel}","templated":true}]}}