{"id":496,"date":"2024-08-03T13:13:54","date_gmt":"2024-08-03T13:13:54","guid":{"rendered":"https:\/\/otlas.com.br\/?post_type=product&#038;p=496"},"modified":"2024-08-03T15:02:49","modified_gmt":"2024-08-03T15:02:49","slug":"mexedor-para-cafe-descartavel-cristal","status":"publish","type":"product","link":"https:\/\/otlas.com.br\/index.php\/produto\/mexedor-para-cafe-descartavel-cristal\/","title":{"rendered":"Mexedor para Caf\u00e9 Descart\u00e1vel Cristal"},"content":{"rendered":"<p>Ideal para bares, restaurantes, lanchonetes, com\u00e9rcios, para acompanhar o cafezinho servido<br \/>\nS\u00e3o pr\u00e1ticos e higi\u00eanicos<br \/>\nCor: Cristal<\/p>\n","protected":false},"excerpt":{"rendered":"<p>Ideal para bares, restaurantes, lanchonetes, com\u00e9rcios, para acompanhar o cafezinho servido S\u00e3o pr\u00e1ticos e higi\u00eanicos Cor: Cristal<\/p>\n","protected":false},"featured_media":497,"template":"","meta":[],"product_brand":[],"product_cat":[27,23],"product_tag":[],"class_list":{"0":"post-496","1":"product","2":"type-product","3":"status-publish","4":"has-post-thumbnail","6":"product_cat-alimenticio","7":"product_cat-descartavel","9":"first","10":"instock","11":"shipping-taxable","12":"product-type-simple"},"_links":{"self":[{"href":"https:\/\/otlas.com.br\/index.php\/wp-json\/wp\/v2\/product\/496","targetHints":{"allow":["GET"]}}],"collection":[{"href":"https:\/\/otlas.com.br\/index.php\/wp-json\/wp\/v2\/product"}],"about":[{"href":"https:\/\/otlas.com.br\/index.php\/wp-json\/wp\/v2\/types\/product"}],"wp:featuredmedia":[{"embeddable":true,"href":"https:\/\/otlas.com.br\/index.php\/wp-json\/wp\/v2\/media\/497"}],"wp:attachment":[{"href":"https:\/\/otlas.com.br\/index.php\/wp-json\/wp\/v2\/media?parent=496"}],"wp:term":[{"taxonomy":"product_brand","embeddable":true,"href":"https:\/\/otlas.com.br\/index.php\/wp-json\/wp\/v2\/product_brand?post=496"},{"taxonomy":"product_cat","embeddable":true,"href":"https:\/\/otlas.com.br\/index.php\/wp-json\/wp\/v2\/product_cat?post=496"},{"taxonomy":"product_tag","embeddable":true,"href":"https:\/\/otlas.com.br\/index.php\/wp-json\/wp\/v2\/product_tag?post=496"}],"curies":[{"name":"wp","href":"https:\/\/api.w.org\/{rel}","templated":true}]}}