{"id":498,"date":"2024-08-03T16:47:07","date_gmt":"2024-08-03T16:47:07","guid":{"rendered":"https:\/\/otlas.com.br\/?post_type=product&#038;p=498"},"modified":"2024-08-03T16:47:33","modified_gmt":"2024-08-03T16:47:33","slug":"facilita-limpa-vidros-audaxco","status":"publish","type":"product","link":"https:\/\/otlas.com.br\/index.php\/produto\/facilita-limpa-vidros-audaxco\/","title":{"rendered":"Facilita Limpa Vidros &#8211; AudaxCo"},"content":{"rendered":"<p>O Limpa Vidros 3 em 1 \u00e9 um produto pr\u00e1tico e eficiente, que limpa, desemba\u00e7a e desengordura, dando brilho a espelhos, vitrines e superf\u00edcies em acr\u00edlico.<\/p>\n<p>Indicado para vidros, vitrines, espelhos, para-brisas, vidra\u00e7as, a\u00e7o inoxid\u00e1vel, superf\u00edcies cromadas, acr\u00edlicos e f\u00f3rmicas.<\/p>\n","protected":false},"excerpt":{"rendered":"<p>O Limpa Vidros 3 em 1 \u00e9 um produto pr\u00e1tico e eficiente, que limpa, desemba\u00e7a e desengordura, dando brilho a espelhos, vitrines e superf\u00edcies em acr\u00edlico. Indicado para vidros, vitrines, espelhos, para-brisas, vidra\u00e7as, a\u00e7o inoxid\u00e1vel, superf\u00edcies cromadas, acr\u00edlicos e f\u00f3rmicas.<\/p>\n","protected":false},"featured_media":499,"template":"","meta":[],"product_brand":[],"product_cat":[22],"product_tag":[],"class_list":{"0":"post-498","1":"product","2":"type-product","3":"status-publish","4":"has-post-thumbnail","6":"product_cat-material-de-limpeza","8":"first","9":"instock","10":"shipping-taxable","11":"product-type-simple"},"_links":{"self":[{"href":"https:\/\/otlas.com.br\/index.php\/wp-json\/wp\/v2\/product\/498","targetHints":{"allow":["GET"]}}],"collection":[{"href":"https:\/\/otlas.com.br\/index.php\/wp-json\/wp\/v2\/product"}],"about":[{"href":"https:\/\/otlas.com.br\/index.php\/wp-json\/wp\/v2\/types\/product"}],"wp:featuredmedia":[{"embeddable":true,"href":"https:\/\/otlas.com.br\/index.php\/wp-json\/wp\/v2\/media\/499"}],"wp:attachment":[{"href":"https:\/\/otlas.com.br\/index.php\/wp-json\/wp\/v2\/media?parent=498"}],"wp:term":[{"taxonomy":"product_brand","embeddable":true,"href":"https:\/\/otlas.com.br\/index.php\/wp-json\/wp\/v2\/product_brand?post=498"},{"taxonomy":"product_cat","embeddable":true,"href":"https:\/\/otlas.com.br\/index.php\/wp-json\/wp\/v2\/product_cat?post=498"},{"taxonomy":"product_tag","embeddable":true,"href":"https:\/\/otlas.com.br\/index.php\/wp-json\/wp\/v2\/product_tag?post=498"}],"curies":[{"name":"wp","href":"https:\/\/api.w.org\/{rel}","templated":true}]}}