{"id":501,"date":"2024-08-03T17:20:47","date_gmt":"2024-08-03T17:20:47","guid":{"rendered":"https:\/\/otlas.com.br\/?post_type=product&#038;p=501"},"modified":"2024-08-03T17:20:47","modified_gmt":"2024-08-03T17:20:47","slug":"odorizador-de-ambientes-secar-360ml","status":"publish","type":"product","link":"https:\/\/otlas.com.br\/index.php\/produto\/odorizador-de-ambientes-secar-360ml\/","title":{"rendered":"Odorizador de Ambientes Secar 360ml"},"content":{"rendered":"<p>O Odorizador de Ambientes Secar, odoriza os ambientes, deixando uma suave e agrad\u00e1vel fragr\u00e2ncia no ar. * Neutraliza maus odores de banheiro.<\/p>\n<p>*CARACTER\u00cdSTICAS:<br \/>\n&#8211; Embalagem: 360ml<br \/>\n&#8211; Neutraliza maus odores<br \/>\n&#8211; Perfuma o ambiente<\/p>\n","protected":false},"excerpt":{"rendered":"<p>O Odorizador de Ambientes Secar, odoriza os ambientes, deixando uma suave e agrad\u00e1vel fragr\u00e2ncia no ar. * Neutraliza maus odores de banheiro. *CARACTER\u00cdSTICAS: &#8211; Embalagem: 360ml &#8211; Neutraliza maus odores &#8211; Perfuma o ambiente<\/p>\n","protected":false},"featured_media":502,"template":"","meta":[],"product_brand":[],"product_cat":[22],"product_tag":[],"class_list":{"0":"post-501","1":"product","2":"type-product","3":"status-publish","4":"has-post-thumbnail","6":"product_cat-material-de-limpeza","8":"first","9":"instock","10":"shipping-taxable","11":"product-type-simple"},"_links":{"self":[{"href":"https:\/\/otlas.com.br\/index.php\/wp-json\/wp\/v2\/product\/501","targetHints":{"allow":["GET"]}}],"collection":[{"href":"https:\/\/otlas.com.br\/index.php\/wp-json\/wp\/v2\/product"}],"about":[{"href":"https:\/\/otlas.com.br\/index.php\/wp-json\/wp\/v2\/types\/product"}],"wp:featuredmedia":[{"embeddable":true,"href":"https:\/\/otlas.com.br\/index.php\/wp-json\/wp\/v2\/media\/502"}],"wp:attachment":[{"href":"https:\/\/otlas.com.br\/index.php\/wp-json\/wp\/v2\/media?parent=501"}],"wp:term":[{"taxonomy":"product_brand","embeddable":true,"href":"https:\/\/otlas.com.br\/index.php\/wp-json\/wp\/v2\/product_brand?post=501"},{"taxonomy":"product_cat","embeddable":true,"href":"https:\/\/otlas.com.br\/index.php\/wp-json\/wp\/v2\/product_cat?post=501"},{"taxonomy":"product_tag","embeddable":true,"href":"https:\/\/otlas.com.br\/index.php\/wp-json\/wp\/v2\/product_tag?post=501"}],"curies":[{"name":"wp","href":"https:\/\/api.w.org\/{rel}","templated":true}]}}