{"id":505,"date":"2024-08-03T18:01:20","date_gmt":"2024-08-03T18:01:20","guid":{"rendered":"https:\/\/otlas.com.br\/?post_type=product&#038;p=505"},"modified":"2024-08-03T18:01:20","modified_gmt":"2024-08-03T18:01:20","slug":"sabao-em-barras-triex","status":"publish","type":"product","link":"https:\/\/otlas.com.br\/index.php\/produto\/sabao-em-barras-triex\/","title":{"rendered":"Sab\u00e3o em Barras Triex"},"content":{"rendered":"<h5 class=\"elementor-heading-title elementor-size-default\">O Sab\u00e3o em Barras Triex \u00e9 indicado para lavagem de roupas e tecidos em geral, na remo\u00e7\u00e3o de gorduras de lou\u00e7as e utens\u00edlios de cozinhas.<\/h5>\n","protected":false},"excerpt":{"rendered":"<p>O Sab\u00e3o em Barras Triex \u00e9 indicado para lavagem de roupas e tecidos em geral, na remo\u00e7\u00e3o de gorduras de lou\u00e7as e utens\u00edlios de cozinhas.<\/p>\n","protected":false},"featured_media":506,"template":"","meta":[],"product_brand":[],"product_cat":[22],"product_tag":[],"class_list":{"0":"post-505","1":"product","2":"type-product","3":"status-publish","4":"has-post-thumbnail","6":"product_cat-material-de-limpeza","8":"first","9":"instock","10":"shipping-taxable","11":"product-type-simple"},"_links":{"self":[{"href":"https:\/\/otlas.com.br\/index.php\/wp-json\/wp\/v2\/product\/505","targetHints":{"allow":["GET"]}}],"collection":[{"href":"https:\/\/otlas.com.br\/index.php\/wp-json\/wp\/v2\/product"}],"about":[{"href":"https:\/\/otlas.com.br\/index.php\/wp-json\/wp\/v2\/types\/product"}],"wp:featuredmedia":[{"embeddable":true,"href":"https:\/\/otlas.com.br\/index.php\/wp-json\/wp\/v2\/media\/506"}],"wp:attachment":[{"href":"https:\/\/otlas.com.br\/index.php\/wp-json\/wp\/v2\/media?parent=505"}],"wp:term":[{"taxonomy":"product_brand","embeddable":true,"href":"https:\/\/otlas.com.br\/index.php\/wp-json\/wp\/v2\/product_brand?post=505"},{"taxonomy":"product_cat","embeddable":true,"href":"https:\/\/otlas.com.br\/index.php\/wp-json\/wp\/v2\/product_cat?post=505"},{"taxonomy":"product_tag","embeddable":true,"href":"https:\/\/otlas.com.br\/index.php\/wp-json\/wp\/v2\/product_tag?post=505"}],"curies":[{"name":"wp","href":"https:\/\/api.w.org\/{rel}","templated":true}]}}