{"id":507,"date":"2024-08-03T18:16:12","date_gmt":"2024-08-03T18:16:12","guid":{"rendered":"https:\/\/otlas.com.br\/?post_type=product&#038;p=507"},"modified":"2024-08-03T18:16:12","modified_gmt":"2024-08-03T18:16:12","slug":"facilita-lustra-moveis","status":"publish","type":"product","link":"https:\/\/otlas.com.br\/index.php\/produto\/facilita-lustra-moveis\/","title":{"rendered":"Facilita Lustra M\u00f3veis"},"content":{"rendered":"<p>Produto \u00e0 base de silicone e com componentes que agem diretamente na madeira, formando uma pel\u00edcula protetora, deixando a superf\u00edcie com apar\u00eancia agrad\u00e1vel e perfumada.<\/p>\n","protected":false},"excerpt":{"rendered":"<p>Produto \u00e0 base de silicone e com componentes que agem diretamente na madeira, formando uma pel\u00edcula protetora, deixando a superf\u00edcie com apar\u00eancia agrad\u00e1vel e perfumada.<\/p>\n","protected":false},"featured_media":508,"template":"","meta":[],"product_brand":[],"product_cat":[22],"product_tag":[],"class_list":{"0":"post-507","1":"product","2":"type-product","3":"status-publish","4":"has-post-thumbnail","6":"product_cat-material-de-limpeza","8":"first","9":"instock","10":"shipping-taxable","11":"product-type-simple"},"_links":{"self":[{"href":"https:\/\/otlas.com.br\/index.php\/wp-json\/wp\/v2\/product\/507","targetHints":{"allow":["GET"]}}],"collection":[{"href":"https:\/\/otlas.com.br\/index.php\/wp-json\/wp\/v2\/product"}],"about":[{"href":"https:\/\/otlas.com.br\/index.php\/wp-json\/wp\/v2\/types\/product"}],"wp:featuredmedia":[{"embeddable":true,"href":"https:\/\/otlas.com.br\/index.php\/wp-json\/wp\/v2\/media\/508"}],"wp:attachment":[{"href":"https:\/\/otlas.com.br\/index.php\/wp-json\/wp\/v2\/media?parent=507"}],"wp:term":[{"taxonomy":"product_brand","embeddable":true,"href":"https:\/\/otlas.com.br\/index.php\/wp-json\/wp\/v2\/product_brand?post=507"},{"taxonomy":"product_cat","embeddable":true,"href":"https:\/\/otlas.com.br\/index.php\/wp-json\/wp\/v2\/product_cat?post=507"},{"taxonomy":"product_tag","embeddable":true,"href":"https:\/\/otlas.com.br\/index.php\/wp-json\/wp\/v2\/product_tag?post=507"}],"curies":[{"name":"wp","href":"https:\/\/api.w.org\/{rel}","templated":true}]}}